{"id":3761,"date":"2025-04-25T15:34:42","date_gmt":"2025-04-25T13:34:42","guid":{"rendered":"https:\/\/testing.menaki.es\/?post_type=product&#038;p=3761"},"modified":"2026-03-17T11:43:56","modified_gmt":"2026-03-17T10:43:56","slug":"pack-cocina-basico","status":"publish","type":"product","link":"https:\/\/testing.menaki.es\/pt\/producto\/pack-cocina-basico\/","title":{"rendered":"PACK COZINHA B\u00c1SICO"},"content":{"rendered":"<div id=\"product-description_pc\" style=\"flex-direction: row; width: 100%; justify-content: space-between;\">\n<div class=\"product-description-column first-product-column\" style=\"width: fit-content; margin-right: auto;\">\n<p class=\"product-item-p\" style=\"margin: 5px 0;\">1 Taza<\/p>\n<p class=\"product-item-p\" style=\"margin: 5px 0;\">1 Vaso cristal<\/p>\n<p class=\"product-item-p\" style=\"margin: 5px 0;\">1 Platos llano 25cm<\/p>\n<p class=\"product-item-p\" style=\"margin: 5px 0;\">1 Platos hondo 24cm<\/p>\n<\/div>\n<div class=\"product-description-column middle-product-column\" style=\"width: fit-content; margin: 0 auto;\">\n<p class=\"product-item-p\" style=\"margin: 5px 0;\">1 Cuchara soperas<\/p>\n<p class=\"product-item-p\" style=\"margin: 5px 0;\">1 Tenedor<\/p>\n<p class=\"product-item-p\" style=\"margin: 5px 0;\">1 Cuchara de postre<\/p>\n<p class=\"product-item-p\" style=\"margin: 5px 0;\">1 Cuchillo<\/p>\n<\/div>\n<div class=\"product-description-column middle-product-column\" style=\"width: fit-content; margin: 0 auto;\">\n<p class=\"product-item-p\" style=\"margin: 5px 0;\">1 Coador<\/p>\n<p class=\"product-item-p\" style=\"margin: 5px 0;\">1 Sart\u00e9n<\/p>\n<p class=\"product-item-p\" style=\"margin: 5px 0;\">1 Olla<\/p>\n<p class=\"product-item-p\" style=\"margin: 5px 0;\">1 Esp\u00e1tula<\/p>\n<\/div>\n<div class=\"product-description-column middle-product-column\" style=\"width: fit-content; margin: 0;\">\n<p class=\"product-item-p\" style=\"margin: 5px 0;\">1 T\u00e1bua de cortar<\/p>\n<p class=\"product-item-p\" style=\"margin: 5px 0;\">1 Pegador de massa<\/p>\n<p class=\"product-item-p\" style=\"margin: 5px 0;\">1 Escumadeira<\/p>\n<p class=\"product-item-p\" style=\"margin: 5px 0;\">1 Concha<\/p>\n<\/div>\n<div class=\"product-description-column last-product-column\" style=\"width: fit-content; margin-left: auto;\">\n<p class=\"product-item-p\" style=\"margin: 5px 0;\">1 Cuchillo de cocina 18cm<\/p>\n<p class=\"product-item-p\" style=\"margin: 5px 0;\">1 Plato de postre 19cm<\/p>\n<\/div>\n<\/div>\n<div id=\"product-description_responsive\" style=\"flex-direction: row; width: 100%; flex-wrap: wrap; justify-content: center;\">\n<div class=\"product-description-column first-product-column\" style=\"width: fit-content;\">\n<p class=\"product-item-p\" style=\"margin: 5px 0;\">1 Taza<\/p>\n<p class=\"product-item-p\" style=\"margin: 5px 0;\">1 Vaso cristal<\/p>\n<p class=\"product-item-p\" style=\"margin: 5px 0;\">1 Plato llanos 25cm<\/p>\n<p class=\"product-item-p\" style=\"margin: 5px 0;\">1 Plato hondos 24cm<\/p>\n<p class=\"product-item-p\" style=\"margin: 5px 0;\">1 Plato de postre 19cm<\/p>\n<p class=\"product-item-p\" style=\"margin: 5px 0;\">1 Cuchara soperas<\/p>\n<p class=\"product-item-p\" style=\"margin: 5px 0;\">1 Tenedor<\/p>\n<p class=\"product-item-p\" style=\"margin: 5px 0;\">1 Cuchara de postre<\/p>\n<p class=\"product-item-p\" style=\"margin: 5px 0;\">1 Cuchillo<\/p>\n<\/div>\n<div class=\"product-description-column middle-product-column\" style=\"width: fit-content; margin-left: 25px;\">\n<p class=\"product-item-p\" style=\"margin: 5px 0;\">1 Coador<\/p>\n<p class=\"product-item-p\" style=\"margin: 5px 0;\">1 Sart\u00e9n<\/p>\n<p class=\"product-item-p\" style=\"margin: 5px 0;\">1 Olla<\/p>\n<p class=\"product-item-p\" style=\"margin: 5px 0;\">1 Esp\u00e1tula<\/p>\n<p class=\"product-item-p\" style=\"margin: 5px 0;\">1 Pegador de massa<\/p>\n<p class=\"product-item-p\" style=\"margin: 5px 0;\">1 Escumadeira<\/p>\n<p class=\"product-item-p\" style=\"margin: 5px 0;\">1 T\u00e1bua de cortar<\/p>\n<p class=\"product-item-p\" style=\"margin: 5px 0;\">1 Concha<\/p>\n<p class=\"product-item-p\" style=\"margin: 5px 0;\">1 Cuchillo de cocina 18cm<\/p>\n<\/div>\n<\/div>\n<div><\/div>","protected":false},"excerpt":{"rendered":"<p>O Pack de Cozinha da Menaki inclui os utens\u00edlios essenciais para preparares as tuas refei\u00e7\u00f5es com comodidade. Concha, esp\u00e1tula, descascador e muito mais, tudo num s\u00f3 kit para que n\u00e3o te falte nada na cozinha. Al\u00e9m disso, as frigideiras e panelas s\u00e3o adequadas para todo o tipo de fog\u00f5es, incluindo indu\u00e7\u00e3o. Pr\u00e1tico e pronto a usar!<\/p>","protected":false},"featured_media":7470,"comment_status":"open","ping_status":"closed","template":"","meta":[],"product_brand":[],"product_cat":[15],"product_tag":[],"class_list":{"0":"post-3761","1":"product","2":"type-product","3":"status-publish","4":"has-post-thumbnail","6":"product_cat-sin-categorizar","8":"first","9":"instock","10":"shipping-taxable","11":"purchasable","12":"product-type-simple"},"_links":{"self":[{"href":"https:\/\/testing.menaki.es\/pt\/wp-json\/wp\/v2\/product\/3761","targetHints":{"allow":["GET"]}}],"collection":[{"href":"https:\/\/testing.menaki.es\/pt\/wp-json\/wp\/v2\/product"}],"about":[{"href":"https:\/\/testing.menaki.es\/pt\/wp-json\/wp\/v2\/types\/product"}],"replies":[{"embeddable":true,"href":"https:\/\/testing.menaki.es\/pt\/wp-json\/wp\/v2\/comments?post=3761"}],"wp:featuredmedia":[{"embeddable":true,"href":"https:\/\/testing.menaki.es\/pt\/wp-json\/wp\/v2\/media\/7470"}],"wp:attachment":[{"href":"https:\/\/testing.menaki.es\/pt\/wp-json\/wp\/v2\/media?parent=3761"}],"wp:term":[{"taxonomy":"product_brand","embeddable":true,"href":"https:\/\/testing.menaki.es\/pt\/wp-json\/wp\/v2\/product_brand?post=3761"},{"taxonomy":"product_cat","embeddable":true,"href":"https:\/\/testing.menaki.es\/pt\/wp-json\/wp\/v2\/product_cat?post=3761"},{"taxonomy":"product_tag","embeddable":true,"href":"https:\/\/testing.menaki.es\/pt\/wp-json\/wp\/v2\/product_tag?post=3761"}],"curies":[{"name":"wp","href":"https:\/\/api.w.org\/{rel}","templated":true}]}}