{"id":3676,"date":"2025-04-14T17:04:09","date_gmt":"2025-04-14T15:04:09","guid":{"rendered":"https:\/\/testing.menaki.es\/?page_id=3676"},"modified":"2026-04-07T15:59:59","modified_gmt":"2026-04-07T13:59:59","slug":"politica-de-cookies","status":"publish","type":"page","link":"https:\/\/testing.menaki.es\/it\/politica-de-cookies\/","title":{"rendered":"Politica sui cookie"},"content":{"rendered":"<div data-elementor-type=\"wp-page\" data-elementor-id=\"3676\" class=\"elementor elementor-3676\" data-elementor-post-type=\"page\">\n\t\t\t\t<div class=\"elementor-element elementor-element-15f59e3 e-flex e-con-boxed e-con e-parent\" data-id=\"15f59e3\" data-element_type=\"container\" data-e-type=\"container\">\n\t\t\t\t\t<div class=\"e-con-inner\">\n\t\t\t\t<div class=\"elementor-element elementor-element-926b50f elementor-widget elementor-widget-heading\" data-id=\"926b50f\" data-element_type=\"widget\" data-e-type=\"widget\" data-widget_type=\"heading.default\">\n\t\t\t\t<div class=\"elementor-widget-container\">\n\t\t\t\t\t<h2 class=\"elementor-heading-title elementor-size-default\">Politica sui cookie<\/h2>\t\t\t\t<\/div>\n\t\t\t\t<\/div>\n\t\t\t\t<div class=\"elementor-element elementor-element-8c7ef81 elementor-widget elementor-widget-text-editor\" data-id=\"8c7ef81\" data-element_type=\"widget\" data-e-type=\"widget\" data-widget_type=\"text-editor.default\">\n\t\t\t\t<div class=\"elementor-widget-container\">\n\t\t\t\t\t\t\t\t\t<p><strong>PRIMA DI INIZIARE...&nbsp;<\/strong><\/p>\n<p>In questa Politica sui Cookie troverai informazioni sull'uso che facciamo dei cookie e dei dispositivi simili che vengono installati sui terminali dei nostri clienti e utenti. In alcuni casi, l'uso dei cookie pu\u00f2 essere correlato al trattamento di dati personali, per cui ti consigliamo di consultare la nostra Politica sulla Privacy, accessibile sulla nostra Piattaforma, se desideri informazioni su come utilizziamo i dati personali dei nostri clienti e utenti, come esercitare i tuoi diritti, o la terminologia che utilizziamo per riferirci al nostro Sito Web.<\/p>\n<p><strong><strong>INFORMAZIONI SUI COOKIE<\/strong>&nbsp;<\/strong><\/p>\n<p><strong>1.&nbsp;<\/strong><strong>Cos'\u00e8 un Cookie?<\/strong><strong>&nbsp;<\/strong><\/p>\n<p>Un Cookie \u00e8 un piccolo file di testo che un sito web, un'app o un'altra piattaforma memorizza sul tuo computer, tablet, smartphone o qualsiasi altro dispositivo simile, con informazioni sulla tua navigazione o utilizzo, come un'etichetta che identifica il tuo dispositivo. I Cookie sono necessari, ad esempio, per facilitare la navigazione e conoscere il modo in cui gli utenti interagiscono con le piattaforme, in modo che possano essere migliorate. Sono anche molto utili per poter offrire pubblicit\u00e0 in base alle preferenze dell'utente, nonch\u00e9 per altre finalit\u00e0 descritte di seguito. I Cookie non danneggiano il tuo computer o dispositivo.<\/p>\n<p>Quando parliamo di \"Cookie\" ci riferiamo anche ad altre tecnologie simili di installazione e\/o raccolta di informazioni su o riguardanti il tuo dispositivo (come flash cookie, web beacon o bug, pixel, HTML5 (archiviazione locale) e tecnologie SDK per i formati app). Allo stesso modo, il termine \"Cookie\" si applica anche all'uso di tecniche di fingerprinting, ovvero quelle tecniche di combinazione di informazioni che ci aiutano a identificare il tuo dispositivo. In alcuni casi, queste tecnologie funzionano congiuntamente con i cookie per raccogliere e archiviare informazioni, sia per fornirti determinate funzionalit\u00e0 o servizi sulla nostra Piattaforma, sia per mostrarti pubblicit\u00e0 sulle piattaforme di terze parti, tenendo conto della tua navigazione.<\/p>\n<p>Questa spiegazione \u00e8 una panoramica generale di ci\u00f2 che si intende per Cookie a meri fini informativi. I Cookie che utilizziamo in modo specifico sono descritti nel pannello delle impostazioni dei cookie accessibile sulla nostra Piattaforma.<\/p>\n<p><strong>2.&nbsp;<\/strong><strong>Quali tipi di Cookie esistono?<\/strong><strong>&nbsp;<\/strong><\/p>\n<p>Ti preghiamo di leggere questa sezione che fornisce una panoramica generale della tipologia di Cookie che possono essere utilizzati in un ambiente online.<\/p>\n<p><span style=\"letter-spacing: 0.2px;\">In base al proprietario dei Cookie, possono essere classificati in:&nbsp;<\/span><\/p>\n<p>\u2022 Cookie propri: Sono quelli che vengono inviati al computer o al dispositivo dell'utente da un computer o dominio gestito dall'editore stesso, e dal quale viene offerta la piattaforma o il servizio richiesto dall'utente.<\/p>\n<p>\u2022 Cookie di terze parti: Sono quelli che vengono inviati al computer o al dispositivo dell'utente da un computer o dominio non gestito dall'editore, bens\u00ec da un'altra entit\u00e0 che tratta i dati ottenuti tramite i cookie.<\/p>\n<p>In base alla finalit\u00e0 del Cookie, possono essere classificati in:<\/p>\n<p>\u2022 Cookie strettamente necessari (tecnici): Sono quelli che consentono all'utente la navigazione attraverso un sito web, una piattaforma o un'applicazione e l'utilizzo delle diverse opzioni o servizi che in essi esistono come, ad esempio, controllare il traffico, identificare i dati o la sessione, accedere a sezioni o contenuti ad accesso limitato, ricordare gli elementi che compongono un ordine, eseguire il processo di acquisto di un ordine, gestire il pagamento, controllare le frodi legate alla sicurezza del servizio, utilizzare elementi di sicurezza durante la navigazione, effettuare la richiesta di iscrizione o partecipazione a un evento, archiviare contenuti per la diffusione di video o audio, abilitare contenuti dinamici (ad esempio, animazione di caricamento di un testo o immagine) o condividere contenuti tramite i social network. I cookie tecnici, essendo strettamente necessari, vengono scaricati per impostazione predefinita quando consentono di visualizzare la piattaforma o fornire il servizio richiesto dall'utente.<\/p>\n<p>\u2022 Cookie di funzionalit\u00e0 o personalizzazione: Questi cookie consentono di memorizzare informazioni in modo che l'utente acceda al servizio o alla piattaforma con determinate caratteristiche che possono differenziare la sua esperienza da quella di altri utenti, come, ad esempio, la lingua, il numero di risultati da visualizzare quando l'utente effettua una ricerca, l'aspetto o il contenuto del servizio in base al tipo di browser utilizzato dall'utente o alla regione da cui accede al servizio, ecc. Il mancato accettare questi Cookie pu\u00f2 comportare un rallentamento delle prestazioni del sito web o raccomandazioni non adeguate.<\/p>\n<p>\u2022 Cookie di analisi: Sono quelli che consentono di quantificare il numero di utenti, le sezioni visitate sulla piattaforma e come interagiscono con essa, al fine di effettuare la misurazione e l'analisi statistica dell'utilizzo da parte degli utenti, con l'obiettivo di introdurre miglioramenti in base all'analisi dei dati di utilizzo che gli utenti fanno della piattaforma o del servizio.<\/p>\n<p>\u2022 Cookie di pubblicit\u00e0 comportamentale: Sono quelli che memorizzano informazioni sul comportamento degli utenti ottenute attraverso l'osservazione continua delle loro abitudini di navigazione, il che consente di sviluppare un profilo specifico per mostrare pubblicit\u00e0 in base allo stesso. Questi cookie consentono la gestione, nel modo pi\u00f9 efficace possibile, degli spazi pubblicitari che, se del caso, l'editore ha incluso direttamente o in collaborazione con terze parti.<\/p>\n<p><strong>3.&nbsp;<\/strong><b>A cosa servono i Cookie sulla nostra Piattaforma?<\/b><\/p>\n<p>I Cookie sono una parte essenziale del funzionamento del nostro Sito Web. L'obiettivo principale dei nostri Cookie \u00e8 rendere la tua esperienza di navigazione pi\u00f9 comoda ed efficiente. Ad esempio, vengono utilizzati per ricordare le tue preferenze (lingua, paese, ecc.) durante la navigazione e nelle visite future. Utilizziamo inoltre i nostri Cookie per migliorare continuamente i nostri servizi e la nostra Piattaforma, nonch\u00e9 per poter offrire pubblicit\u00e0 personalizzata in base alle tue abitudini di navigazione.<span style=\"letter-spacing: 0.2px;\">&nbsp;<\/span><\/p>\n<p>Le informazioni raccolte nei Cookie ci consentono inoltre di migliorare la nostra Piattaforma attraverso stime su dati statistici e modelli di utilizzo (numero di visite, sezioni pi\u00f9 visitate, tempo di visita, ecc.), di conoscere in modo statistico come gli utenti interagiscono con la Piattaforma al fine di migliorare i nostri servizi, nonch\u00e9 di adattare la Piattaforma ai tuoi interessi individuali, l'accelerazione delle ricerche, ecc.<\/p>\n<p>In alcuni casi, potremmo utilizzare i Cookie per ottenere informazioni che ci consentano di mostrare, dalla nostra Piattaforma, dalle piattaforme di terze parti, o con qualsiasi altro mezzo, pubblicit\u00e0 basata sull'analisi delle tue abitudini di navigazione (prodotti visitati, sezioni consultate, ecc.).<\/p>\n<p>In ogni caso, nei Cookie che utilizziamo non memorizziamo mai informazioni sensibili come password, dati di carta di credito o di debito, ecc.<\/p>\n<p><strong style=\"letter-spacing: 0.2px;\">4.&nbsp;<\/strong><b>Come posso gestire l'uso dei Cookie su questa Piattaforma?<\/b><\/p>\n<p>Nel pannello delle impostazioni dei Cookie, accessibile in qualsiasi momento sulla nostra Piattaforma, potrai ottenere tutte le informazioni sui Cookie utilizzati da questa Piattaforma, insieme alle informazioni sullo scopo, la durata e la gestione (propria o di terze parti) di ciascuno di essi, in modo da poter gestire l'attivazione e la disattivazione dell'uso di quei Cookie che non sono strettamente necessari per il funzionamento della Piattaforma.<\/p>\n<p>In alternativa, nel caso in cui tu stia navigando su internet, puoi disabilitare l'uso dei Cookie nel tuo browser. Di seguito ti indichiamo come farlo nei browser pi\u00f9 popolari:<\/p>\n<p><span style=\"letter-spacing: 0.2px;\">&#8211; Internet Explorer<\/span><\/p>\n<p>&#8211; Mozilla Firefox<\/p>\n<p>&#8211; Safari<\/p>\n<p>Questa possibilit\u00e0 di evitare l'uso dei Cookie pu\u00f2 essere esercitata in qualsiasi momento. Ti preghiamo di tenere presente che sia la tua gestione del pannello delle impostazioni dei Cookie, sia la tua opzione di rifiutare i Cookie \u00e8 specifica per ogni browser che stai utilizzando. Pertanto, se scegli di configurare i Cookie in un certo modo su un dispositivo e desideri che la tua scelta si applichi in modo simile a un altro dispositivo, dovrai attivare la stessa opzione per quell'altro dispositivo.<\/p>\n<p>Come ulteriore misura, per quanto riguarda i Cookie di terze parti con la finalit\u00e0 di fornire pubblicit\u00e0 basata sui tuoi interessi, ti preghiamo di tenere presente che alcuni terzi potrebbero essere membri di uno dei seguenti programmi di autoregolamentazione della pubblicit\u00e0 comportamentale online, con le corrispondenti opzioni di esclusione volontaria:<\/p>\n<p>Network Advertising Initiative (NAI) &ndash; http:\/\/www.networkadvertising.org\/choices\/&lt;br&gt;- Google Analytics &ndash; https:\/\/tools.google.com\/dlpage\/gaoptout<\/p>\n<p><strong style=\"letter-spacing: 0.2px;\">5.&nbsp;<\/strong><b>Chi utilizza le informazioni memorizzate nei Cookie?<\/b><\/p>\n<p>Le informazioni memorizzate nei Cookie del nostro Sito Web sono utilizzate esclusivamente da noi, ad eccezione di quelle identificate nella sezione 2 come \"Cookie di terze parti\", che sono utilizzate e gestite da entit\u00e0 esterne per fornirci servizi volti a migliorare i nostri servizi e l'esperienza dell'utente durante la navigazione sulla nostra Piattaforma. Ulteriori informazioni sono disponibili nel pannello delle impostazioni dei Cookie accessibile in qualsiasi momento sulla nostra Piattaforma.<\/p>\n<p>Per ottenere informazioni pi\u00f9 dettagliate sul trattamento dei tuoi dati personali nella nostra collaborazione con terze parti e quelli soggetti a trasferimenti internazionali di dati, ti consigliamo di leggere la nostra Politica sulla Privacy accessibile sulla nostra Piattaforma, e le politiche sulla privacy\/impostazioni sulla privacy di questi terzi collaboratori accessibili tramite le loro piattaforme.<\/p>\t\t\t\t\t\t\t\t<\/div>\n\t\t\t\t<\/div>\n\t\t\t\t\t<\/div>\n\t\t\t\t<\/div>\n\t\t\t\t<\/div>","protected":false},"excerpt":{"rendered":"<p>Pol\u00edtica de cookies ANTES DE EMPEZAR\u2026&nbsp; En esta Pol\u00edtica de Cookies encontrar\u00e1s informaci\u00f3n sobre el uso que realizamos de las cookies y dispositivos similares que se instalan en los terminales de nuestros clientes y usuarios. En ocasiones, el uso de cookies puede estar relacionado con el tratamiento de datos personales, por lo que te recomendamos [&hellip;]<\/p>\n","protected":false},"author":2,"featured_media":0,"parent":0,"menu_order":0,"comment_status":"closed","ping_status":"closed","template":"","meta":{"footnotes":""},"class_list":["post-3676","page","type-page","status-publish","hentry"],"_links":{"self":[{"href":"https:\/\/testing.menaki.es\/it\/wp-json\/wp\/v2\/pages\/3676","targetHints":{"allow":["GET"]}}],"collection":[{"href":"https:\/\/testing.menaki.es\/it\/wp-json\/wp\/v2\/pages"}],"about":[{"href":"https:\/\/testing.menaki.es\/it\/wp-json\/wp\/v2\/types\/page"}],"author":[{"embeddable":true,"href":"https:\/\/testing.menaki.es\/it\/wp-json\/wp\/v2\/users\/2"}],"replies":[{"embeddable":true,"href":"https:\/\/testing.menaki.es\/it\/wp-json\/wp\/v2\/comments?post=3676"}],"version-history":[{"count":46,"href":"https:\/\/testing.menaki.es\/it\/wp-json\/wp\/v2\/pages\/3676\/revisions"}],"predecessor-version":[{"id":8103,"href":"https:\/\/testing.menaki.es\/it\/wp-json\/wp\/v2\/pages\/3676\/revisions\/8103"}],"wp:attachment":[{"href":"https:\/\/testing.menaki.es\/it\/wp-json\/wp\/v2\/media?parent=3676"}],"curies":[{"name":"wp","href":"https:\/\/api.w.org\/{rel}","templated":true}]}}