{"id":425,"date":"2024-10-17T09:40:25","date_gmt":"2024-10-17T07:40:25","guid":{"rendered":"https:\/\/testing.menaki.es\/?post_type=product&#038;p=425"},"modified":"2026-04-15T11:11:46","modified_gmt":"2026-04-15T09:11:46","slug":"pack-dormitorio-bano","status":"publish","type":"product","link":"https:\/\/testing.menaki.es\/fr\/producto\/pack-dormitorio-bano\/","title":{"rendered":"PACK CHAMBRE + SALLE DE BAIN"},"content":{"rendered":"<div id=\"product-description_pc\" style=\"flex-direction: row; width: 100%; justify-content: space-between;\">\n<div class=\"product-description-column first-product-column\" style=\"width: fit-content; margin-right: auto;\">\n<p class=\"product-item-p\" style=\"margin: 5px 0;\">1 Couette nordique<\/p>\n<p class=\"product-item-p\" style=\"margin: 5px 0;\">1 Drap-housse<\/p>\n<\/div>\n<div class=\"product-description-column middle-product-column\" style=\"width: fit-content; margin: 0 auto;\">\n<p class=\"product-item-p\" style=\"margin: 5px 0;\">1 Taie d'oreiller<\/p>\n<p class=\"product-item-p\" style=\"margin: 5px 0;\">1 Housse de couette<\/p>\n<\/div>\n<div class=\"product-description-column middle-product-column\" style=\"width: fit-content; margin: 0 auto;\">\n<p class=\"product-item-p\" style=\"margin: 5px 0;\">1 Oreiller en fibre toucher plume<\/p>\n<p class=\"product-item-p\" style=\"margin: 5px 0;\">1 Grande serviette 70x140cm<\/p>\n<\/div>\n<div class=\"product-description-column middle-product-column\" style=\"width: fit-content; margin: 0 auto;\">\n<p class=\"product-item-p\" style=\"margin: 5px 0;\">1 Serviette moyenne 50x100cm<\/p>\n<p class=\"product-item-p\" style=\"margin: 5px 0;\">1 Petite serviette 30x50cm<\/p>\n<\/div>\n<div class=\"product-description-column last-product-column\" style=\"width: fit-content; margin-left: auto;\">\n<p class=\"product-item-p\" style=\"margin: 5px 0;\">1 Tapis de bain<\/p>\n<\/div>\n<\/div>\n<div id=\"product-description_responsive\" style=\"flex-direction: row; width: 100%; justify-content: space-between;\">\n<div class=\"product-description-column first-product-column\" style=\"max-width: fit-content;\">\n<p class=\"product-item-p\" style=\"margin: 5px 0; max-width: fit-content;\">1 Couette nordique<\/p>\n<p class=\"product-item-p\" style=\"margin: 5px 0; max-width: fit-content;\">1 Drap-housse<\/p>\n<p class=\"product-item-p\" style=\"margin: 5px 0; max-width: fit-content;\">1 Taie d'oreiller<\/p>\n<p class=\"product-item-p\" style=\"margin: 5px 0; max-width: fit-content;\">1 Housse de couette<\/p>\n<p class=\"product-item-p\" style=\"margin: 5px 0; max-width: fit-content;\">1 Oreiller en fibre toucher plume<\/p>\n<p class=\"product-item-p\" style=\"margin: 5px 0; max-width: fit-content;\">1 Grande serviette 70x140cm<\/p>\n<p class=\"product-item-p\" style=\"margin: 5px 0; max-width: fit-content;\">1 Serviette moyenne 50x100cm<\/p>\n<p class=\"product-item-p\" style=\"margin: 5px 0; max-width: fit-content;\">1 Petite serviette 30x50cm<\/p>\n<p class=\"product-item-p\" style=\"margin: 5px 0; max-width: fit-content;\">1 Tapis de bain<\/p>\n<\/div>\n<\/div>\n<div class=\"product-description_pc\" style=\"display: block; border-collapse: collapse; width: 100%; margin-top: 48px; font-family: 'Manrope', Arial, sans-serif;\">\n<table style=\"border-collapse: collapse; width: 100%;\">\n<thead>\n<tr style=\"background-color: #fff7f3;\">\n<th style=\"border: 1px solid #ddd; padding: 15px; text-align: center; font-size: 16px; font-weight: 400;\">Dimensions du Lit<\/th>\n<th style=\"border: 1px solid #ddd; padding: 15px; text-align: center; font-size: 16px; font-weight: 400;\">Pack 90<\/th>\n<th style=\"border: 1px solid #ddd; padding: 15px; text-align: center; font-size: 16px; font-weight: 400;\">Pack 100\u2009\u2013\u2009115<\/th>\n<th style=\"border: 1px solid #ddd; padding: 15px; text-align: center; font-size: 16px; font-weight: 400;\">Pack 120\u2009\u2013\u2009140<\/th>\n<\/tr>\n<\/thead>\n<tbody>\n<tr>\n<td style=\"border: 1px solid #ddd; padding: 15px; text-align: center; background-color: #f9f9f9;\">Largeur Compatible<\/td>\n<td style=\"border: 1px solid #ddd; padding: 15px; text-align: center;\">85\u2009\u2013\u2009100 cm<\/td>\n<td style=\"border: 1px solid #ddd; padding: 15px; text-align: center;\">100\u2009\u2013\u2009115 cm<\/td>\n<td style=\"border: 1px solid #ddd; padding: 15px; text-align: center;\">120\u2009\u2013\u2009140 cm<\/td>\n<\/tr>\n<tr>\n<td style=\"border: 1px solid #ddd; padding: 15px; text-align: center; background-color: #f9f9f9;\">Longueur Compatible<\/td>\n<td style=\"border: 1px solid #ddd; padding: 15px; text-align: center;\">180\u2009\u2013\u2009200 cm<\/td>\n<td style=\"border: 1px solid #ddd; padding: 15px; text-align: center;\">180\u2009\u2013\u2009200 cm<\/td>\n<td style=\"border: 1px solid #ddd; padding: 15px; text-align: center;\">180\u2009\u2013\u2009200 cm<\/td>\n<\/tr>\n<\/tbody>\n<\/table>\n<\/div>\n<table class=\"product-description_responsive\" style=\"border-collapse: collapse; width: 100%; margin-top: 48px; font-family: 'Manrope', Arial, sans-serif; display: none; table-layout: fixed;\">\n<thead>\n<tr style=\"background-color: #fff7f3;\">\n<th style=\"border: 1px solid #ddd; padding: 15px; text-align: left; font-size: 16px; font-weight: 400; width: 33.33%;\">Packs<\/th>\n<th style=\"border: 1px solid #ddd; padding: 15px; text-align: left; font-size: 16px; font-weight: 400; width: 33.33%;\">Largeur Compatible<\/th>\n<th style=\"border: 1px solid #ddd; padding: 15px; text-align: left; font-size: 16px; font-weight: 400; width: 33.33%;\">Longueur Compatible<\/th>\n<\/tr>\n<\/thead>\n<tbody>\n<tr>\n<td style=\"border: 1px solid #ddd; padding: 15px; text-align: left; background-color: #f9f9f9; width: 33.33%;\">Pack 90<\/td>\n<td style=\"border: 1px solid #ddd; padding: 15px; text-align: left; width: 33.33%;\">85\u2009\u2013\u2009100 cm<\/td>\n<td style=\"border: 1px solid #ddd; padding: 15px; text-align: left; width: 33.33%;\">180\u2009\u2013\u2009200 cm<\/td>\n<\/tr>\n<tr>\n<td style=\"border: 1px solid #ddd; padding: 15px; text-align: left; background-color: #f9f9f9; width: 33.33%;\">Pack 100\u2009\u2013\u2009115<\/td>\n<td style=\"border: 1px solid #ddd; padding: 15px; text-align: left; width: 33.33%;\">100\u2009\u2013\u2009115 cm<\/td>\n<td style=\"border: 1px solid #ddd; padding: 15px; text-align: left; width: 33.33%;\">180\u2009\u2013\u2009200 cm<\/td>\n<\/tr>\n<tr>\n<td style=\"border: 1px solid #ddd; padding: 15px; text-align: left; background-color: #f9f9f9; width: 33.33%;\">Pack 120\u2009\u2013\u2009140<\/td>\n<td style=\"border: 1px solid #ddd; padding: 15px; text-align: left; width: 33.33%;\">120\u2009\u2013\u2009140 cm<\/td>\n<td style=\"border: 1px solid #ddd; padding: 15px; text-align: left; width: 33.33%;\">180\u2009\u2013\u2009200 cm<\/td>\n<\/tr>\n<\/tbody>\n<\/table>\n<div class=\"product-description_pc\" style=\"display: block; border-collapse: collapse; width: 100%; margin-top: 48px; font-family: 'Manrope', Arial, sans-serif;\">\n<table style=\"border-collapse: collapse; width: 100%;\">\n<thead>\n<tr style=\"background-color: #fff7f3;\">\n<th style=\"border: 1px solid #ddd; padding: 15px; text-align: center; font-size: 16px; font-weight: 400;\">Composants du Pack<\/th>\n<th style=\"border: 1px solid #ddd; padding: 15px; text-align: center; font-size: 16px; font-weight: 400;\">Pack 90<\/th>\n<th style=\"border: 1px solid #ddd; padding: 15px; text-align: center; font-size: 16px; font-weight: 400;\">Pack 100\u2009\u2013\u2009115<\/th>\n<th style=\"border: 1px solid #ddd; padding: 15px; text-align: center; font-size: 16px; font-weight: 400;\">Pack 120\u2009\u2013\u2009140<\/th>\n<\/tr>\n<\/thead>\n<tbody>\n<tr>\n<td style=\"border: 1px solid #ddd; padding: 15px; text-align: center; background-color: #f9f9f9;\">Garnissage de Couette<\/td>\n<td style=\"border: 1px solid #ddd; padding: 15px; text-align: center;\">150 x 220 cm<\/td>\n<td style=\"border: 1px solid #ddd; padding: 15px; text-align: center;\">180 x 220 cm<\/td>\n<td style=\"border: 1px solid #ddd; padding: 15px; text-align: center;\">220 x 220 cm<\/td>\n<\/tr>\n<tr>\n<td style=\"border: 1px solid #ddd; padding: 15px; text-align: center; background-color: #f9f9f9;\">Housse de Couette<\/td>\n<td style=\"border: 1px solid #ddd; padding: 15px; text-align: center;\">160 x 220 + 40 cm<\/td>\n<td style=\"border: 1px solid #ddd; padding: 15px; text-align: center;\">180 x 220 + 40 cm<\/td>\n<td style=\"border: 1px solid #ddd; padding: 15px; text-align: center;\">220 x 220 + 40 cm<\/td>\n<\/tr>\n<tr>\n<td style=\"border: 1px solid #ddd; padding: 15px; text-align: center; background-color: #f9f9f9;\">Drap-Housse<\/td>\n<td style=\"border: 1px solid #ddd; padding: 15px; text-align: center;\">90 x 197 + 27 cm<\/td>\n<td style=\"border: 1px solid #ddd; padding: 15px; text-align: center;\">105 x 200 + 30 cm<\/td>\n<td style=\"border: 1px solid #ddd; padding: 15px; text-align: center;\">135 x 197 + 27 cm<\/td>\n<\/tr>\n<tr>\n<td style=\"border: 1px solid #ddd; padding: 15px; text-align: center; background-color: #f9f9f9;\">Oreiller<\/td>\n<td style=\"border: 1px solid #ddd; padding: 15px; text-align: center;\">40 x 90 cm<\/td>\n<td style=\"border: 1px solid #ddd; padding: 15px; text-align: center;\">40 x 105 cm<\/td>\n<td style=\"border: 1px solid #ddd; padding: 15px; text-align: center;\">40 x 135 cm<\/td>\n<\/tr>\n<tr>\n<td style=\"border: 1px solid #ddd; padding: 15px; text-align: center; background-color: #f9f9f9;\">Taie d'Oreiller<\/td>\n<td style=\"border: 1px solid #ddd; padding: 15px; text-align: center;\">45 x 110 cm<\/td>\n<td style=\"border: 1px solid #ddd; padding: 15px; text-align: center;\">45 x 125 cm<\/td>\n<td style=\"border: 1px solid #ddd; padding: 15px; text-align: center;\">45 x 155 cm<\/td>\n<\/tr>\n<tr>\n<td style=\"border: 1px solid #ddd; padding: 15px; text-align: center; background-color: #f9f9f9;\">Serviette (Grammage)<\/td>\n<td style=\"border: 1px solid #ddd; padding: 15px; text-align: center;\" colspan=\"3\">500 grammes<\/td>\n<\/tr>\n<tr>\n<td style=\"border: 1px solid #ddd; padding: 15px; text-align: center; background-color: #f9f9f9;\">Couettes (Grammage)<\/td>\n<td style=\"border: 1px solid #ddd; padding: 15px; text-align: center;\" colspan=\"3\">300 grammes<\/td>\n<\/tr>\n<\/tbody>\n<\/table>\n<\/div>\n<table class=\"product-description_responsive\" style=\"border-collapse: collapse; width: 100%; margin-top: 48px; font-family: 'Manrope', Arial, sans-serif; display: none; table-layout: fixed;\">\n<thead>\n<tr style=\"background-color: #fff7f3;\">\n<th style=\"border: 1px solid #ddd; padding: 10px; text-align: left; font-size: 14px; font-weight: 400; width: 30%;\">Packs<\/th>\n<th style=\"border: 1px solid #ddd; padding: 10px; text-align: left; font-size: 14px; font-weight: 400;\">Mesures D\u00e9taill\u00e9es<\/th>\n<\/tr>\n<\/thead>\n<tbody>\n<tr>\n<td style=\"border: 1px solid #ddd; padding: 10px; text-align: left; background-color: #f9f9f9; vertical-align: top;\"><strong>Pack 90<\/strong><\/td>\n<td style=\"border: 1px solid #ddd; padding: 10px; text-align: left; font-size: 13px;\" class=\"translation-block\">Couette: 150\u00d7220 cm<br>\nHousse de couette: 160\u00d7220+40 cm<br>\nDrap-housse: 90\u00d7197+27 cm<br>\nOreiller: 40\u00d790 cm<br>\nTaie d'oreiller: 45\u00d7110 cm<\/td>\n<\/tr>\n<tr>\n<td style=\"border: 1px solid #ddd; padding: 10px; text-align: left; background-color: #f9f9f9; vertical-align: top;\"><strong>Pack 100-115<\/strong><\/td>\n<td style=\"border: 1px solid #ddd; padding: 10px; text-align: left; font-size: 13px;\" class=\"translation-block\">Couette: 180\u00d7220 cm<br>\nHousse de couette: 180\u00d7220+40 cm<br>\nDrap-housse: 105\u00d7200+30 cm<br>\nOreiller: 40\u00d7105 cm<br>\nTaie d'oreiller: 45\u00d7125 cm<\/td>\n<\/tr>\n<tr>\n<td style=\"border: 1px solid #ddd; padding: 10px; text-align: left; background-color: #f9f9f9; vertical-align: top;\"><strong>Pack 120-140<\/strong><\/td>\n<td style=\"border: 1px solid #ddd; padding: 10px; text-align: left; font-size: 13px;\" class=\"translation-block\">Couette: 220\u00d7220 cm<br>\nHousse de couette: 220\u00d7220+40 cm<br>\nDrap-housse: 135\u00d7197+27 cm<br>\nOreiller: 40\u00d7135 cm<br>\nTaie d'oreiller: 45\u00d7155 cm<\/td>\n<\/tr>\n<tr>\n<td style=\"border: 1px solid #ddd; padding: 10px; text-align: center; background-color: #fff7f3;\" colspan=\"2\">Serviettes : 500 grammes dans tous les packs<\/td>\n<\/tr>\n<tr>\n<td style=\"border: 1px solid #ddd; padding: 10px; text-align: center; background-color: #fff7f3;\" colspan=\"2\">Couettes : 300 grammes dans tous les packs<\/td>\n<\/tr>\n<\/tbody>\n<\/table>","protected":false},"excerpt":{"rendered":"<p>De nombreuses r\u00e9sidences proposent leurs propres draps, mais si tu pr\u00e9f\u00e8res avoir les tiens pour plus de confort, chez Menaki tu trouveras des options de qualit\u00e9 adapt\u00e9es \u00e0 tes besoins.<\/p>","protected":false},"featured_media":3018,"comment_status":"open","ping_status":"closed","template":"","meta":[],"product_brand":[],"product_cat":[24,26,19],"product_tag":[],"class_list":{"0":"post-425","1":"product","2":"type-product","3":"status-publish","4":"has-post-thumbnail","6":"product_cat-bano","7":"product_cat-dormitorio","8":"product_cat-packs","10":"first","11":"instock","12":"shipping-taxable","13":"purchasable","14":"product-type-variable"},"_links":{"self":[{"href":"https:\/\/testing.menaki.es\/fr\/wp-json\/wp\/v2\/product\/425","targetHints":{"allow":["GET"]}}],"collection":[{"href":"https:\/\/testing.menaki.es\/fr\/wp-json\/wp\/v2\/product"}],"about":[{"href":"https:\/\/testing.menaki.es\/fr\/wp-json\/wp\/v2\/types\/product"}],"replies":[{"embeddable":true,"href":"https:\/\/testing.menaki.es\/fr\/wp-json\/wp\/v2\/comments?post=425"}],"wp:featuredmedia":[{"embeddable":true,"href":"https:\/\/testing.menaki.es\/fr\/wp-json\/wp\/v2\/media\/3018"}],"wp:attachment":[{"href":"https:\/\/testing.menaki.es\/fr\/wp-json\/wp\/v2\/media?parent=425"}],"wp:term":[{"taxonomy":"product_brand","embeddable":true,"href":"https:\/\/testing.menaki.es\/fr\/wp-json\/wp\/v2\/product_brand?post=425"},{"taxonomy":"product_cat","embeddable":true,"href":"https:\/\/testing.menaki.es\/fr\/wp-json\/wp\/v2\/product_cat?post=425"},{"taxonomy":"product_tag","embeddable":true,"href":"https:\/\/testing.menaki.es\/fr\/wp-json\/wp\/v2\/product_tag?post=425"}],"curies":[{"name":"wp","href":"https:\/\/api.w.org\/{rel}","templated":true}]}}