{"id":393,"date":"2024-10-16T16:58:23","date_gmt":"2024-10-16T14:58:23","guid":{"rendered":"https:\/\/testing.menaki.es\/?post_type=product&#038;p=393"},"modified":"2026-04-17T10:41:52","modified_gmt":"2026-04-17T08:41:52","slug":"pack-cuisine","status":"publish","type":"product","link":"https:\/\/testing.menaki.es\/fr\/producto\/pack-cocina\/","title":{"rendered":"PACK CUISINE"},"content":{"rendered":"<div id=\"product-description_pc\" style=\"flex-direction: row; width: 100%; justify-content: space-between;\">\n<div class=\"product-description-column first-product-column\" style=\"width: fit-content; margin-right: auto;\">\n<p class=\"product-item-p\" style=\"margin: 5px 0;\">2 Tasses<\/p>\n<p class=\"product-item-p\" style=\"margin: 5px 0;\">2 Verres<\/p>\n<p class=\"product-item-p\" style=\"margin: 5px 0;\">2 Assiettes plates<\/p>\n<p class=\"product-item-p\" style=\"margin: 5px 0;\">2 Assiettes creuses<\/p>\n<p class=\"product-item-p\" style=\"margin: 5px 0;\">2 Petites assiettes<\/p>\n<\/div>\n<div class=\"product-description-column middle-product-column\" style=\"width: fit-content; margin: 0 auto;\">\n<p class=\"product-item-p\" style=\"margin: 5px 0;\">2 Cuill\u00e8res<\/p>\n<p class=\"product-item-p\" style=\"margin: 5px 0;\">2 Fourchettes<\/p>\n<p class=\"product-item-p\" style=\"margin: 5px 0;\">2 Petite cuill\u00e8re<\/p>\n<p class=\"product-item-p\" style=\"margin: 5px 0;\">2 Couteaux<\/p>\n<p class=\"product-item-p\" style=\"margin: 5px 0;\">2 Bols<\/p>\n<\/div>\n<div class=\"product-description-column middle-product-column\" style=\"width: fit-content; margin: 0 auto;\">\n<p class=\"product-item-p\" style=\"margin: 5px 0;\">1 Passoire<\/p>\n<p class=\"product-item-p\" style=\"margin: 5px 0;\">1 Po\u00eale 22cm<\/p>\n<p class=\"product-item-p\" style=\"margin: 5px 0;\">1 Casserole 22 cm<\/p>\n<p class=\"product-item-p\" style=\"margin: 5px 0;\">2 Torchons<\/p>\n<p class=\"product-item-p\" style=\"margin: 5px 0;\">1 Spatule<\/p>\n<\/div>\n<div class=\"product-description-column middle-product-column\" style=\"width: fit-content; margin: 0;\">\n<p class=\"product-item-p\" style=\"margin: 5px 0;\">1 Set 3 bo\u00eetes herm\u00e9tiques<\/p>\n<p class=\"product-item-p\" style=\"margin: 5px 0;\">1 Cuill\u00e8re \u00e0 spaghetti<\/p>\n<p class=\"product-item-p\" style=\"margin: 5px 0;\">1 \u00c9cumoire<\/p>\n<p class=\"product-item-p\" style=\"margin: 5px 0;\">1 Planche \u00e0 d\u00e9couper<\/p>\n<p class=\"product-item-p\" style=\"margin: 5px 0;\">1 Louche<\/p>\n<\/div>\n<div class=\"product-description-column last-product-column\" style=\"width: fit-content; margin-left: auto;\">\n<p class=\"product-item-p\" style=\"margin: 5px 0;\">1 Couteau de cuisine chef<\/p>\n<p class=\"product-item-p\" style=\"margin: 5px 0;\">1 Ciseaux de cuisine<\/p>\n<p class=\"product-item-p\" style=\"margin: 5px 0;\">1 Ouvre-tout multifonction<\/p>\n<p class=\"product-item-p\" style=\"margin: 5px 0;\">1 \u00c9pluche-l\u00e9gumes<\/p>\n<\/div>\n<\/div>\n<div id=\"product-description_responsive\" style=\"flex-direction: row; width: 100%; flex-wrap: wrap; justify-content: center;\">\n<div class=\"product-description-column first-product-column\" style=\"width: fit-content;\">\n<p class=\"product-item-p\" style=\"margin: 5px 0;\">2 Tasses<\/p>\n<p class=\"product-item-p\" style=\"margin: 5px 0;\">2 Verres<\/p>\n<p class=\"product-item-p\" style=\"margin: 5px 0;\">2 Assiettes plates<\/p>\n<p class=\"product-item-p\" style=\"margin: 5px 0;\">2 Assiettes creuses<\/p>\n<p class=\"product-item-p\" style=\"margin: 5px 0;\">2 Petites assiettes<\/p>\n<p class=\"product-item-p\" style=\"margin: 5px 0;\">2 Cuill\u00e8res<\/p>\n<p class=\"product-item-p\" style=\"margin: 5px 0;\">2 Fourchettes<\/p>\n<p class=\"product-item-p\" style=\"margin: 5px 0;\">2 Petite cuill\u00e8re<\/p>\n<p class=\"product-item-p\" style=\"margin: 5px 0;\">2 Couteaux<\/p>\n<p class=\"product-item-p\" style=\"margin: 5px 0;\">2 Bols<\/p>\n<p class=\"product-item-p\" style=\"margin: 5px 0;\">1 Ouvre-tout multifonction<\/p>\n<p class=\"product-item-p\" style=\"margin: 5px 0;\">1 \u00c9pluche-l\u00e9gumes<\/p>\n<\/div>\n<div class=\"product-description-column middle-product-column\" style=\"width: fit-content; margin-left: 25px;\">\n<p class=\"product-item-p\" style=\"margin: 5px 0;\">1 Passoire<\/p>\n<p class=\"product-item-p\" style=\"margin: 5px 0;\">1 Po\u00eale 22cm<\/p>\n<p class=\"product-item-p\" style=\"margin: 5px 0;\">1 Casserole 22 cm<\/p>\n<p class=\"product-item-p\" style=\"margin: 5px 0;\">2 Torchons<\/p>\n<p class=\"product-item-p\" style=\"margin: 5px 0;\">1 Spatule<\/p>\n<p class=\"product-item-p\" style=\"margin: 5px 0;\">1 Set 3 bo\u00eetes herm\u00e9tiques<\/p>\n<p class=\"product-item-p\" style=\"margin: 5px 0;\">1 Cuill\u00e8re \u00e0 spaghetti<\/p>\n<p class=\"product-item-p\" style=\"margin: 5px 0;\">1 \u00c9cumoire<\/p>\n<p class=\"product-item-p\" style=\"margin: 5px 0;\">1 Planche \u00e0 d\u00e9couper<\/p>\n<p class=\"product-item-p\" style=\"margin: 5px 0;\">1 Louche<\/p>\n<p class=\"product-item-p\" style=\"margin: 5px 0;\">1 Couteau de cuisine chef<\/p>\n<p class=\"product-item-p\" style=\"margin: 5px 0;\">1 Ciseaux de cuisine<\/p>\n<\/div>\n<\/div>\n<div><\/div>","protected":false},"excerpt":{"rendered":"<p>Le Pack Cuisine de Menaki inclut les ustensiles essentiels pour pr\u00e9parer tes repas confortablement. Louche, spatule, \u00e9pluche-l\u00e9gumes et bien plus, tout en un seul kit pour ne manquer de rien en cuisine. De plus, les po\u00eales et casseroles sont compatibles avec tous types de feux, y compris l'induction. Pratique et pr\u00eat \u00e0 l'emploi !<\/p>","protected":false},"featured_media":7486,"comment_status":"open","ping_status":"closed","template":"","meta":[],"product_brand":[],"product_cat":[20,19],"product_tag":[],"class_list":{"0":"post-393","1":"product","2":"type-product","3":"status-publish","4":"has-post-thumbnail","6":"product_cat-cocina","7":"product_cat-packs","9":"first","10":"instock","11":"shipping-taxable","12":"purchasable","13":"product-type-simple"},"_links":{"self":[{"href":"https:\/\/testing.menaki.es\/fr\/wp-json\/wp\/v2\/product\/393","targetHints":{"allow":["GET"]}}],"collection":[{"href":"https:\/\/testing.menaki.es\/fr\/wp-json\/wp\/v2\/product"}],"about":[{"href":"https:\/\/testing.menaki.es\/fr\/wp-json\/wp\/v2\/types\/product"}],"replies":[{"embeddable":true,"href":"https:\/\/testing.menaki.es\/fr\/wp-json\/wp\/v2\/comments?post=393"}],"wp:featuredmedia":[{"embeddable":true,"href":"https:\/\/testing.menaki.es\/fr\/wp-json\/wp\/v2\/media\/7486"}],"wp:attachment":[{"href":"https:\/\/testing.menaki.es\/fr\/wp-json\/wp\/v2\/media?parent=393"}],"wp:term":[{"taxonomy":"product_brand","embeddable":true,"href":"https:\/\/testing.menaki.es\/fr\/wp-json\/wp\/v2\/product_brand?post=393"},{"taxonomy":"product_cat","embeddable":true,"href":"https:\/\/testing.menaki.es\/fr\/wp-json\/wp\/v2\/product_cat?post=393"},{"taxonomy":"product_tag","embeddable":true,"href":"https:\/\/testing.menaki.es\/fr\/wp-json\/wp\/v2\/product_tag?post=393"}],"curies":[{"name":"wp","href":"https:\/\/api.w.org\/{rel}","templated":true}]}}