{"id":3761,"date":"2025-04-25T15:34:42","date_gmt":"2025-04-25T13:34:42","guid":{"rendered":"https:\/\/testing.menaki.es\/?post_type=product&#038;p=3761"},"modified":"2026-03-17T11:43:56","modified_gmt":"2026-03-17T10:43:56","slug":"pack-cocina-basico","status":"publish","type":"product","link":"https:\/\/testing.menaki.es\/fr\/producto\/pack-cocina-basico\/","title":{"rendered":"PACK CUISINE BASIQUE"},"content":{"rendered":"<div id=\"product-description_pc\" style=\"flex-direction: row; width: 100%; justify-content: space-between;\">\n<div class=\"product-description-column first-product-column\" style=\"width: fit-content; margin-right: auto;\">\n<p class=\"product-item-p\" style=\"margin: 5px 0;\">1 Taza<\/p>\n<p class=\"product-item-p\" style=\"margin: 5px 0;\">1 Vaso cristal<\/p>\n<p class=\"product-item-p\" style=\"margin: 5px 0;\">1 Platos llano 25cm<\/p>\n<p class=\"product-item-p\" style=\"margin: 5px 0;\">1 Platos hondo 24cm<\/p>\n<\/div>\n<div class=\"product-description-column middle-product-column\" style=\"width: fit-content; margin: 0 auto;\">\n<p class=\"product-item-p\" style=\"margin: 5px 0;\">1 Cuchara soperas<\/p>\n<p class=\"product-item-p\" style=\"margin: 5px 0;\">1 Tenedor<\/p>\n<p class=\"product-item-p\" style=\"margin: 5px 0;\">1 Cuchara de postre<\/p>\n<p class=\"product-item-p\" style=\"margin: 5px 0;\">1 Cuchillo<\/p>\n<\/div>\n<div class=\"product-description-column middle-product-column\" style=\"width: fit-content; margin: 0 auto;\">\n<p class=\"product-item-p\" style=\"margin: 5px 0;\">1 Passoire<\/p>\n<p class=\"product-item-p\" style=\"margin: 5px 0;\">1 Sart\u00e9n<\/p>\n<p class=\"product-item-p\" style=\"margin: 5px 0;\">1 Olla<\/p>\n<p class=\"product-item-p\" style=\"margin: 5px 0;\">1 Spatule<\/p>\n<\/div>\n<div class=\"product-description-column middle-product-column\" style=\"width: fit-content; margin: 0;\">\n<p class=\"product-item-p\" style=\"margin: 5px 0;\">1 Planche \u00e0 d\u00e9couper<\/p>\n<p class=\"product-item-p\" style=\"margin: 5px 0;\">1 Cuill\u00e8re \u00e0 spaghetti<\/p>\n<p class=\"product-item-p\" style=\"margin: 5px 0;\">1 \u00c9cumoire<\/p>\n<p class=\"product-item-p\" style=\"margin: 5px 0;\">1 Louche<\/p>\n<\/div>\n<div class=\"product-description-column last-product-column\" style=\"width: fit-content; margin-left: auto;\">\n<p class=\"product-item-p\" style=\"margin: 5px 0;\">1 Cuchillo de cocina 18cm<\/p>\n<p class=\"product-item-p\" style=\"margin: 5px 0;\">1 Plato de postre 19cm<\/p>\n<\/div>\n<\/div>\n<div id=\"product-description_responsive\" style=\"flex-direction: row; width: 100%; flex-wrap: wrap; justify-content: center;\">\n<div class=\"product-description-column first-product-column\" style=\"width: fit-content;\">\n<p class=\"product-item-p\" style=\"margin: 5px 0;\">1 Taza<\/p>\n<p class=\"product-item-p\" style=\"margin: 5px 0;\">1 Vaso cristal<\/p>\n<p class=\"product-item-p\" style=\"margin: 5px 0;\">1 Plato llanos 25cm<\/p>\n<p class=\"product-item-p\" style=\"margin: 5px 0;\">1 Plato hondos 24cm<\/p>\n<p class=\"product-item-p\" style=\"margin: 5px 0;\">1 Plato de postre 19cm<\/p>\n<p class=\"product-item-p\" style=\"margin: 5px 0;\">1 Cuchara soperas<\/p>\n<p class=\"product-item-p\" style=\"margin: 5px 0;\">1 Tenedor<\/p>\n<p class=\"product-item-p\" style=\"margin: 5px 0;\">1 Cuchara de postre<\/p>\n<p class=\"product-item-p\" style=\"margin: 5px 0;\">1 Cuchillo<\/p>\n<\/div>\n<div class=\"product-description-column middle-product-column\" style=\"width: fit-content; margin-left: 25px;\">\n<p class=\"product-item-p\" style=\"margin: 5px 0;\">1 Passoire<\/p>\n<p class=\"product-item-p\" style=\"margin: 5px 0;\">1 Sart\u00e9n<\/p>\n<p class=\"product-item-p\" style=\"margin: 5px 0;\">1 Olla<\/p>\n<p class=\"product-item-p\" style=\"margin: 5px 0;\">1 Spatule<\/p>\n<p class=\"product-item-p\" style=\"margin: 5px 0;\">1 Cuill\u00e8re \u00e0 spaghetti<\/p>\n<p class=\"product-item-p\" style=\"margin: 5px 0;\">1 \u00c9cumoire<\/p>\n<p class=\"product-item-p\" style=\"margin: 5px 0;\">1 Planche \u00e0 d\u00e9couper<\/p>\n<p class=\"product-item-p\" style=\"margin: 5px 0;\">1 Louche<\/p>\n<p class=\"product-item-p\" style=\"margin: 5px 0;\">1 Cuchillo de cocina 18cm<\/p>\n<\/div>\n<\/div>\n<div><\/div>","protected":false},"excerpt":{"rendered":"<p>Le Pack Cuisine de Menaki inclut les ustensiles essentiels pour pr\u00e9parer tes repas confortablement. Louche, spatule, \u00e9pluche-l\u00e9gumes et bien plus, tout en un seul kit pour ne manquer de rien en cuisine. De plus, les po\u00eales et casseroles sont compatibles avec tous types de feux, y compris l'induction. Pratique et pr\u00eat \u00e0 l'emploi !<\/p>","protected":false},"featured_media":7470,"comment_status":"open","ping_status":"closed","template":"","meta":[],"product_brand":[],"product_cat":[15],"product_tag":[],"class_list":{"0":"post-3761","1":"product","2":"type-product","3":"status-publish","4":"has-post-thumbnail","6":"product_cat-sin-categorizar","8":"first","9":"instock","10":"shipping-taxable","11":"purchasable","12":"product-type-simple"},"_links":{"self":[{"href":"https:\/\/testing.menaki.es\/fr\/wp-json\/wp\/v2\/product\/3761","targetHints":{"allow":["GET"]}}],"collection":[{"href":"https:\/\/testing.menaki.es\/fr\/wp-json\/wp\/v2\/product"}],"about":[{"href":"https:\/\/testing.menaki.es\/fr\/wp-json\/wp\/v2\/types\/product"}],"replies":[{"embeddable":true,"href":"https:\/\/testing.menaki.es\/fr\/wp-json\/wp\/v2\/comments?post=3761"}],"wp:featuredmedia":[{"embeddable":true,"href":"https:\/\/testing.menaki.es\/fr\/wp-json\/wp\/v2\/media\/7470"}],"wp:attachment":[{"href":"https:\/\/testing.menaki.es\/fr\/wp-json\/wp\/v2\/media?parent=3761"}],"wp:term":[{"taxonomy":"product_brand","embeddable":true,"href":"https:\/\/testing.menaki.es\/fr\/wp-json\/wp\/v2\/product_brand?post=3761"},{"taxonomy":"product_cat","embeddable":true,"href":"https:\/\/testing.menaki.es\/fr\/wp-json\/wp\/v2\/product_cat?post=3761"},{"taxonomy":"product_tag","embeddable":true,"href":"https:\/\/testing.menaki.es\/fr\/wp-json\/wp\/v2\/product_tag?post=3761"}],"curies":[{"name":"wp","href":"https:\/\/api.w.org\/{rel}","templated":true}]}}