{"id":3676,"date":"2025-04-14T17:04:09","date_gmt":"2025-04-14T15:04:09","guid":{"rendered":"https:\/\/testing.menaki.es\/?page_id=3676"},"modified":"2026-04-07T15:59:59","modified_gmt":"2026-04-07T13:59:59","slug":"politica-de-cookies","status":"publish","type":"page","link":"https:\/\/testing.menaki.es\/fr\/politica-de-cookies\/","title":{"rendered":"Politique de cookies"},"content":{"rendered":"<div data-elementor-type=\"wp-page\" data-elementor-id=\"3676\" class=\"elementor elementor-3676\" data-elementor-post-type=\"page\">\n\t\t\t\t<div class=\"elementor-element elementor-element-15f59e3 e-flex e-con-boxed e-con e-parent\" data-id=\"15f59e3\" data-element_type=\"container\" data-e-type=\"container\">\n\t\t\t\t\t<div class=\"e-con-inner\">\n\t\t\t\t<div class=\"elementor-element elementor-element-926b50f elementor-widget elementor-widget-heading\" data-id=\"926b50f\" data-element_type=\"widget\" data-e-type=\"widget\" data-widget_type=\"heading.default\">\n\t\t\t\t<div class=\"elementor-widget-container\">\n\t\t\t\t\t<h2 class=\"elementor-heading-title elementor-size-default\">Politique de cookies<\/h2>\t\t\t\t<\/div>\n\t\t\t\t<\/div>\n\t\t\t\t<div class=\"elementor-element elementor-element-8c7ef81 elementor-widget elementor-widget-text-editor\" data-id=\"8c7ef81\" data-element_type=\"widget\" data-e-type=\"widget\" data-widget_type=\"text-editor.default\">\n\t\t\t\t<div class=\"elementor-widget-container\">\n\t\t\t\t\t\t\t\t\t<p><strong><strong>AVANT DE COMMENCER...<\/strong>&nbsp;<\/strong><\/p>\n<p>Dans cette Politique de Cookies, vous trouverez des informations sur l'utilisation que nous faisons des cookies et des dispositifs similaires qui sont install\u00e9s sur les terminaux de nos clients et utilisateurs. Parfois, l'utilisation de cookies peut \u00eatre li\u00e9e au traitement de donn\u00e9es personnelles, c'est pourquoi nous vous recommandons de consulter notre Politique de Confidentialit\u00e9, accessible sur notre Plateforme, si vous souhaitez des informations sur la fa\u00e7on dont nous utilisons les donn\u00e9es personnelles de nos clients et utilisateurs, comment exercer vos droits, ou la terminologie que nous utilisons pour d\u00e9signer notre Site.<\/p>\n<p><strong><strong>INFORMATIONS SUR LES COOKIES<\/strong>&nbsp;<\/strong><\/p>\n<p><strong>1.&nbsp;<\/strong><strong><strong>1. Qu'est-ce qu'un Cookie ?<\/strong><\/strong><strong>&nbsp;<\/strong><\/p>\n<p>Un Cookie est un petit fichier texte qu'un site web, une application ou une autre plateforme stocke sur votre ordinateur, tablette, t\u00e9l\u00e9phone intelligent ou tout autre dispositif similaire, contenant des informations sur votre navigation ou utilisation, comme une \u00e9tiquette qui identifie votre dispositif. Les Cookies sont n\u00e9cessaires par exemple pour faciliter la navigation et conna\u00eetre la fa\u00e7on dont les utilisateurs interagissent avec les plateformes, afin qu'elles puissent \u00eatre am\u00e9lior\u00e9es. Ils sont \u00e9galement tr\u00e8s utiles pour pouvoir afficher de la publicit\u00e9 selon les pr\u00e9f\u00e9rences de l'utilisateur, ainsi que pour d'autres finalit\u00e9s d\u00e9taill\u00e9es ci-apr\u00e8s. Les Cookies n'endommagent pas votre ordinateur ou dispositif.<\/p>\n<p>Lorsque nous parlons de \u00ab Cookies \u00bb, nous faisons \u00e9galement r\u00e9f\u00e9rence \u00e0 d'autres technologies similaires d'installation et\/ou de collecte d'informations sur ou depuis votre dispositif (telles que les flash cookies, web beacons ou bugs, pixels, HTML5 (stockage local), et les technologies SDK pour les formats app. De m\u00eame, le terme \u00ab Cookies \u00bb s'applique \u00e9galement \u00e0 l'utilisation de techniques de fingerprinting, c'est-\u00e0-dire ces techniques de combinaison d'informations qui nous aident \u00e0 identifier votre dispositif. Parfois, ces technologies fonctionnent conjointement avec des cookies pour collecter et stocker des informations, soit pour vous fournir certaines fonctionnalit\u00e9s ou services sur notre Plateforme, soit pour vous afficher de la publicit\u00e9 sur les plateformes de tiers, en tenant compte de votre navigation.<\/p>\n<p>Cette explication est un aper\u00e7u g\u00e9n\u00e9ral de ce que l'on entend par Cookies \u00e0 des fins purement informatives. Les Cookies que nous utilisons de mani\u00e8re sp\u00e9cifique sont d\u00e9taill\u00e9s dans le panneau de configuration des cookies accessible sur notre Plateforme.<\/p>\n<p><strong>2.&nbsp;<\/strong><strong>Quels types de Cookies existent?<\/strong><strong>&nbsp;<\/strong><\/p>\n<p>Veuillez consulter cette section qui fournit un aper\u00e7u g\u00e9n\u00e9ral de la typologie des Cookies pouvant \u00eatre utilis\u00e9s dans un environnement en ligne.<\/p>\n<p><span style=\"letter-spacing: 0.2px;\">En fonction du propri\u00e9taire des Cookies, ils peuvent \u00eatre class\u00e9s en :&nbsp;<\/span><\/p>\n<p>\u2022 Cookies propres : Ce sont celles qui sont envoy\u00e9es \u00e0 l'ordinateur ou au dispositif de l'utilisateur depuis un \u00e9quipement ou domaine g\u00e9r\u00e9 par l'\u00e9diteur lui-m\u00eame, et depuis lequel la plateforme ou le service demand\u00e9 par l'utilisateur est fourni.<\/p>\n<p>\u2022 Cookies tiers : Ce sont celles qui sont envoy\u00e9es \u00e0 l'ordinateur ou au dispositif de l'utilisateur depuis un \u00e9quipement ou domaine qui n'est pas g\u00e9r\u00e9 par l'\u00e9diteur, mais par une autre entit\u00e9 qui traite les donn\u00e9es obtenues via les cookies.<\/p>\n<p>En fonction de la finalit\u00e9 du Cookie, ils peuvent \u00eatre class\u00e9s en :<\/p>\n<p>\u2022 Cookies strictement n\u00e9cessaires (techniques) : Ce sont celles qui permettent \u00e0 l'utilisateur la navigation sur un site web, une plateforme ou une application et l'utilisation des diff\u00e9rentes options ou services qui y existent, comme par exemple, contr\u00f4ler le trafic, identifier des donn\u00e9es ou la session, acc\u00e9der \u00e0 des sections ou contenus \u00e0 acc\u00e8s restreint, m\u00e9moriser les \u00e9l\u00e9ments qui composent une commande, effectuer le processus d'achat d'une commande, g\u00e9rer le paiement, contr\u00f4ler la fraude li\u00e9e \u00e0 la s\u00e9curit\u00e9 du service, utiliser des \u00e9l\u00e9ments de s\u00e9curit\u00e9 lors de la navigation, effectuer la demande d'inscription ou de participation \u00e0 un \u00e9v\u00e9nement, stocker des contenus pour la diffusion de vid\u00e9os ou de sons, activer des contenus dynamiques (par exemple, animation de chargement d'un texte ou d'une image) ou partager des contenus via les r\u00e9seaux sociaux. Les cookies techniques, \u00e9tant strictement n\u00e9cessaires, sont t\u00e9l\u00e9charg\u00e9es par d\u00e9faut lorsqu'elles permettent d'afficher la plateforme ou de fournir le service demand\u00e9 par l'utilisateur.<\/p>\n<p>\u2022 Cookies de fonctionnalit\u00e9 ou de personnalisation : Ces cookies permettent de m\u00e9moriser des informations pour que l'utilisateur acc\u00e8de au service ou \u00e0 la plateforme avec certaines caract\u00e9ristiques qui peuvent diff\u00e9rencier son exp\u00e9rience de celle des autres utilisateurs, comme par exemple, la langue, le nombre de r\u00e9sultats \u00e0 afficher lorsque l'utilisateur effectue une recherche, l'aspect ou le contenu du service en fonction du type de navigateur utilis\u00e9 par l'utilisateur ou de la r\u00e9gion depuis laquelle il acc\u00e8de au service, etc. Ne pas accepter ces Cookies peut entra\u00eener un ralentissement des performances de la page web ou des recommandations mal adapt\u00e9es.<\/p>\n<p>\u2022 Cookies d'analyse : Ce sont celles qui permettent de quantifier le nombre d'utilisateurs, les sections visit\u00e9es sur la plateforme et la fa\u00e7on dont ils interagissent avec celle-ci, afin d'effectuer la mesure et l'analyse statistique de l'utilisation que les utilisateurs font de la plateforme ou du service, dans le but d'introduire des am\u00e9liorations en fonction de l'analyse des donn\u00e9es d'utilisation des utilisateurs de la plateforme ou du service.<\/p>\n<p>\u2022 Cookies de publicit\u00e9 comportementale : Ce sont celles qui stockent des informations sur le comportement des utilisateurs obtenues gr\u00e2ce \u00e0 l'observation continue de leurs habitudes de navigation, ce qui permet de d\u00e9velopper un profil sp\u00e9cifique pour afficher de la publicit\u00e9 en fonction de celui-ci. Ces cookies permettent la gestion, de la mani\u00e8re la plus efficace possible, des espaces publicitaires que, le cas \u00e9ch\u00e9ant, l'\u00e9diteur a inclus directement ou en collaboration avec des tiers.<\/p>\n<p><strong>3.&nbsp;<\/strong><b>\u00c0 quoi servent les Cookies sur notre Plateforme?<\/b><\/p>\n<p>Les Cookies sont une partie essentielle du fonctionnement de notre Site. L'objectif principal de nos Cookies est de rendre votre exp\u00e9rience de navigation plus confortable et efficace. Par exemple, ils sont utilis\u00e9s pour m\u00e9moriser vos pr\u00e9f\u00e9rences (langue, pays, etc.) pendant la navigation et lors de visites futures. Nous utilisons \u00e9galement nos Cookies pour am\u00e9liorer continuellement nos services et notre Plateforme, ainsi que pour pouvoir offrir de la publicit\u00e9 personnalis\u00e9e selon vos habitudes de navigation.<span style=\"letter-spacing: 0.2px;\">&nbsp;<\/span><\/p>\n<p>Les informations recueillies dans les Cookies nous permettent, en outre, d'am\u00e9liorer notre Plateforme gr\u00e2ce \u00e0 des estimations sur les donn\u00e9es statistiques et les mod\u00e8les d'utilisation (nombre de visites, sections les plus visit\u00e9es, dur\u00e9e de visite, etc.), de conna\u00eetre de mani\u00e8re statistique comment les utilisateurs interagissent avec la Plateforme afin d'am\u00e9liorer nos services, ainsi que pour adapter la Plateforme \u00e0 vos int\u00e9r\u00eats individuels, l'acc\u00e9l\u00e9ration des recherches, etc.<\/p>\n<p>Parfois, nous pourrons utiliser des Cookies pour obtenir des informations nous permettant d'afficher, depuis notre Plateforme, les plateformes de tiers, ou par tout autre moyen, de la publicit\u00e9 bas\u00e9e sur l'analyse de vos habitudes de navigation (produits visit\u00e9s, sections consult\u00e9es, etc.).<\/p>\n<p>En tout \u00e9tat de cause, dans les Cookies que nous utilisons, nous ne stockons jamais d'informations sensibles telles que des mots de passe, des donn\u00e9es de carte de cr\u00e9dit ou de d\u00e9bit, etc.<\/p>\n<p><strong style=\"letter-spacing: 0.2px;\">4.&nbsp;<\/strong><b>Comment puis-je g\u00e9rer l'utilisation des Cookies sur cette Plateforme?<\/b><\/p>\n<p>Dans le panneau de configuration des Cookies accessible \u00e0 tout moment sur notre Plateforme, vous pourrez obtenir toutes les informations sur les Cookies utilis\u00e9es par cette Plateforme, ainsi que les informations sur l'objet, la dur\u00e9e et la gestion (propre ou par des tiers) de chacune d'elles, afin que vous puissiez g\u00e9rer l'activation et la d\u00e9sactivation des Cookies qui ne sont pas strictement n\u00e9cessaires au fonctionnement de la Plateforme.<\/p>\n<p>Alternativement, si vous naviguez sur Internet, vous pouvez d\u00e9sactiver l'utilisation des Cookies dans votre navigateur. Nous vous indiquons comment proc\u00e9der dans les navigateurs les plus populaires :<\/p>\n<p><span style=\"letter-spacing: 0.2px;\">&#8211; Internet Explorer<\/span><\/p>\n<p>&#8211; Mozilla Firefox<\/p>\n<p>&#8211; Safari<\/p>\n<p>Cette possibilit\u00e9 d'\u00e9viter l'utilisation des Cookies peut \u00eatre effectu\u00e9e \u00e0 tout moment. Veuillez noter que la gestion du panneau de configuration des Cookies, ainsi que votre option de refuser les Cookies, est sp\u00e9cifique \u00e0 chaque navigateur que vous utilisez. Par cons\u00e9quent, si vous choisissez de configurer les Cookies d'une certaine fa\u00e7on sur un dispositif et souhaitez que votre option s'applique de mani\u00e8re similaire sur un autre dispositif, vous devrez activer la m\u00eame option sur cet autre dispositif.<\/p>\n<p>En tant que mesure suppl\u00e9mentaire, concernant les Cookies tiers ayant pour finalit\u00e9 de fournir de la publicit\u00e9 bas\u00e9e sur vos int\u00e9r\u00eats, veuillez noter que certains tiers peuvent \u00eatre membres de l'un des programmes d'autor\u00e9gulation de la publicit\u00e9 comportementale en ligne suivants, avec les options d'exclusion volontaire correspondantes :<\/p>\n<p>Network Advertising Initiative (NAI) &ndash; http:\/\/www.networkadvertising.org\/choices\/&lt;br&gt;- Google Analytics &ndash; https:\/\/tools.google.com\/dlpage\/gaoptout<\/p>\n<p><strong style=\"letter-spacing: 0.2px;\">5.&nbsp;<\/strong><b>Qui utilise les informations stock\u00e9es dans les Cookies?<\/b><\/p>\n<p>Les informations stock\u00e9es dans les Cookies de notre Site sont utilis\u00e9es exclusivement par nous, \u00e0 l'exception de celles identifi\u00e9es dans la section 2 comme \u00ab Cookies tiers \u00bb, qui sont utilis\u00e9es et g\u00e9r\u00e9es par des entit\u00e9s externes pour nous fournir des services destin\u00e9s \u00e0 am\u00e9liorer nos services et l'exp\u00e9rience de l'utilisateur lors de sa navigation sur notre Plateforme. Plus d'informations dans le panneau de configuration des Cookies accessible \u00e0 tout moment sur notre Plateforme.<\/p>\n<p>Pour obtenir des informations plus d\u00e9taill\u00e9es sur le traitement de vos donn\u00e9es personnelles dans notre collaboration avec des tiers et ceux soumis \u00e0 des transferts internationaux de donn\u00e9es, nous vous recommandons de lire notre Politique de Confidentialit\u00e9 accessible sur notre Plateforme, ainsi que les politiques de confidentialit\u00e9\/configurations de confidentialit\u00e9 de ces tiers collaborateurs accessibles via leurs plateformes.<\/p>\t\t\t\t\t\t\t\t<\/div>\n\t\t\t\t<\/div>\n\t\t\t\t\t<\/div>\n\t\t\t\t<\/div>\n\t\t\t\t<\/div>","protected":false},"excerpt":{"rendered":"<p>Pol\u00edtica de cookies ANTES DE EMPEZAR\u2026&nbsp; En esta Pol\u00edtica de Cookies encontrar\u00e1s informaci\u00f3n sobre el uso que realizamos de las cookies y dispositivos similares que se instalan en los terminales de nuestros clientes y usuarios. En ocasiones, el uso de cookies puede estar relacionado con el tratamiento de datos personales, por lo que te recomendamos [&hellip;]<\/p>\n","protected":false},"author":2,"featured_media":0,"parent":0,"menu_order":0,"comment_status":"closed","ping_status":"closed","template":"","meta":{"footnotes":""},"class_list":["post-3676","page","type-page","status-publish","hentry"],"_links":{"self":[{"href":"https:\/\/testing.menaki.es\/fr\/wp-json\/wp\/v2\/pages\/3676","targetHints":{"allow":["GET"]}}],"collection":[{"href":"https:\/\/testing.menaki.es\/fr\/wp-json\/wp\/v2\/pages"}],"about":[{"href":"https:\/\/testing.menaki.es\/fr\/wp-json\/wp\/v2\/types\/page"}],"author":[{"embeddable":true,"href":"https:\/\/testing.menaki.es\/fr\/wp-json\/wp\/v2\/users\/2"}],"replies":[{"embeddable":true,"href":"https:\/\/testing.menaki.es\/fr\/wp-json\/wp\/v2\/comments?post=3676"}],"version-history":[{"count":46,"href":"https:\/\/testing.menaki.es\/fr\/wp-json\/wp\/v2\/pages\/3676\/revisions"}],"predecessor-version":[{"id":8103,"href":"https:\/\/testing.menaki.es\/fr\/wp-json\/wp\/v2\/pages\/3676\/revisions\/8103"}],"wp:attachment":[{"href":"https:\/\/testing.menaki.es\/fr\/wp-json\/wp\/v2\/media?parent=3676"}],"curies":[{"name":"wp","href":"https:\/\/api.w.org\/{rel}","templated":true}]}}