{"id":3761,"date":"2025-04-25T15:34:42","date_gmt":"2025-04-25T13:34:42","guid":{"rendered":"https:\/\/testing.menaki.es\/?post_type=product&#038;p=3761"},"modified":"2026-03-17T11:43:56","modified_gmt":"2026-03-17T10:43:56","slug":"pack-cocina-basico","status":"publish","type":"product","link":"https:\/\/testing.menaki.es\/de\/producto\/pack-cocina-basico\/","title":{"rendered":"BASIS-K\u00dcCHENSET"},"content":{"rendered":"<div id=\"product-description_pc\" style=\"flex-direction: row; width: 100%; justify-content: space-between;\">\n<div class=\"product-description-column first-product-column\" style=\"width: fit-content; margin-right: auto;\">\n<p class=\"product-item-p\" style=\"margin: 5px 0;\">1 Taza<\/p>\n<p class=\"product-item-p\" style=\"margin: 5px 0;\">1 Vaso cristal<\/p>\n<p class=\"product-item-p\" style=\"margin: 5px 0;\">1 Platos llano 25cm<\/p>\n<p class=\"product-item-p\" style=\"margin: 5px 0;\">1 Platos hondo 24cm<\/p>\n<\/div>\n<div class=\"product-description-column middle-product-column\" style=\"width: fit-content; margin: 0 auto;\">\n<p class=\"product-item-p\" style=\"margin: 5px 0;\">1 Cuchara soperas<\/p>\n<p class=\"product-item-p\" style=\"margin: 5px 0;\">1 Tenedor<\/p>\n<p class=\"product-item-p\" style=\"margin: 5px 0;\">1 Cuchara de postre<\/p>\n<p class=\"product-item-p\" style=\"margin: 5px 0;\">1 Cuchillo<\/p>\n<\/div>\n<div class=\"product-description-column middle-product-column\" style=\"width: fit-content; margin: 0 auto;\">\n<p class=\"product-item-p\" style=\"margin: 5px 0;\">1 Sieb<\/p>\n<p class=\"product-item-p\" style=\"margin: 5px 0;\">1 Sart\u00e9n<\/p>\n<p class=\"product-item-p\" style=\"margin: 5px 0;\">1 Olla<\/p>\n<p class=\"product-item-p\" style=\"margin: 5px 0;\">1 Pfannenwender<\/p>\n<\/div>\n<div class=\"product-description-column middle-product-column\" style=\"width: fit-content; margin: 0;\">\n<p class=\"product-item-p\" style=\"margin: 5px 0;\">1 Schneidebrett<\/p>\n<p class=\"product-item-p\" style=\"margin: 5px 0;\">1 Spaghettikelle<\/p>\n<p class=\"product-item-p\" style=\"margin: 5px 0;\">1 Schauml\u00f6ffel<\/p>\n<p class=\"product-item-p\" style=\"margin: 5px 0;\">1 Suppenkelle<\/p>\n<\/div>\n<div class=\"product-description-column last-product-column\" style=\"width: fit-content; margin-left: auto;\">\n<p class=\"product-item-p\" style=\"margin: 5px 0;\">1 Cuchillo de cocina 18cm<\/p>\n<p class=\"product-item-p\" style=\"margin: 5px 0;\">1 Plato de postre 19cm<\/p>\n<\/div>\n<\/div>\n<div id=\"product-description_responsive\" style=\"flex-direction: row; width: 100%; flex-wrap: wrap; justify-content: center;\">\n<div class=\"product-description-column first-product-column\" style=\"width: fit-content;\">\n<p class=\"product-item-p\" style=\"margin: 5px 0;\">1 Taza<\/p>\n<p class=\"product-item-p\" style=\"margin: 5px 0;\">1 Vaso cristal<\/p>\n<p class=\"product-item-p\" style=\"margin: 5px 0;\">1 Plato llanos 25cm<\/p>\n<p class=\"product-item-p\" style=\"margin: 5px 0;\">1 Plato hondos 24cm<\/p>\n<p class=\"product-item-p\" style=\"margin: 5px 0;\">1 Plato de postre 19cm<\/p>\n<p class=\"product-item-p\" style=\"margin: 5px 0;\">1 Cuchara soperas<\/p>\n<p class=\"product-item-p\" style=\"margin: 5px 0;\">1 Tenedor<\/p>\n<p class=\"product-item-p\" style=\"margin: 5px 0;\">1 Cuchara de postre<\/p>\n<p class=\"product-item-p\" style=\"margin: 5px 0;\">1 Cuchillo<\/p>\n<\/div>\n<div class=\"product-description-column middle-product-column\" style=\"width: fit-content; margin-left: 25px;\">\n<p class=\"product-item-p\" style=\"margin: 5px 0;\">1 Sieb<\/p>\n<p class=\"product-item-p\" style=\"margin: 5px 0;\">1 Sart\u00e9n<\/p>\n<p class=\"product-item-p\" style=\"margin: 5px 0;\">1 Olla<\/p>\n<p class=\"product-item-p\" style=\"margin: 5px 0;\">1 Pfannenwender<\/p>\n<p class=\"product-item-p\" style=\"margin: 5px 0;\">1 Spaghettikelle<\/p>\n<p class=\"product-item-p\" style=\"margin: 5px 0;\">1 Schauml\u00f6ffel<\/p>\n<p class=\"product-item-p\" style=\"margin: 5px 0;\">1 Schneidebrett<\/p>\n<p class=\"product-item-p\" style=\"margin: 5px 0;\">1 Suppenkelle<\/p>\n<p class=\"product-item-p\" style=\"margin: 5px 0;\">1 Cuchillo de cocina 18cm<\/p>\n<\/div>\n<\/div>\n<div><\/div>","protected":false},"excerpt":{"rendered":"<p>Das Menaki K\u00fcchen-Pack enth\u00e4lt die wichtigsten Utensilien, um deine Mahlzeiten bequem zuzubereiten. Sch\u00f6pfl\u00f6ffel, Pfannenwender, Sch\u00e4ler und mehr \u2013 alles in einem einzigen Set, damit dir in der K\u00fcche nichts fehlt. Au\u00dferdem sind Pfannen und T\u00f6pfe f\u00fcr alle Herdarten geeignet, auch Induktion. Praktisch und sofort einsatzbereit!<\/p>","protected":false},"featured_media":7470,"comment_status":"open","ping_status":"closed","template":"","meta":[],"product_brand":[],"product_cat":[15],"product_tag":[],"class_list":{"0":"post-3761","1":"product","2":"type-product","3":"status-publish","4":"has-post-thumbnail","6":"product_cat-sin-categorizar","8":"first","9":"instock","10":"shipping-taxable","11":"purchasable","12":"product-type-simple"},"_links":{"self":[{"href":"https:\/\/testing.menaki.es\/de\/wp-json\/wp\/v2\/product\/3761","targetHints":{"allow":["GET"]}}],"collection":[{"href":"https:\/\/testing.menaki.es\/de\/wp-json\/wp\/v2\/product"}],"about":[{"href":"https:\/\/testing.menaki.es\/de\/wp-json\/wp\/v2\/types\/product"}],"replies":[{"embeddable":true,"href":"https:\/\/testing.menaki.es\/de\/wp-json\/wp\/v2\/comments?post=3761"}],"wp:featuredmedia":[{"embeddable":true,"href":"https:\/\/testing.menaki.es\/de\/wp-json\/wp\/v2\/media\/7470"}],"wp:attachment":[{"href":"https:\/\/testing.menaki.es\/de\/wp-json\/wp\/v2\/media?parent=3761"}],"wp:term":[{"taxonomy":"product_brand","embeddable":true,"href":"https:\/\/testing.menaki.es\/de\/wp-json\/wp\/v2\/product_brand?post=3761"},{"taxonomy":"product_cat","embeddable":true,"href":"https:\/\/testing.menaki.es\/de\/wp-json\/wp\/v2\/product_cat?post=3761"},{"taxonomy":"product_tag","embeddable":true,"href":"https:\/\/testing.menaki.es\/de\/wp-json\/wp\/v2\/product_tag?post=3761"}],"curies":[{"name":"wp","href":"https:\/\/api.w.org\/{rel}","templated":true}]}}