{"id":3676,"date":"2025-04-14T17:04:09","date_gmt":"2025-04-14T15:04:09","guid":{"rendered":"https:\/\/testing.menaki.es\/?page_id=3676"},"modified":"2026-04-07T15:59:59","modified_gmt":"2026-04-07T13:59:59","slug":"politica-de-cookies","status":"publish","type":"page","link":"https:\/\/testing.menaki.es\/de\/politica-de-cookies\/","title":{"rendered":"Cookie-Richtlinie"},"content":{"rendered":"<div data-elementor-type=\"wp-page\" data-elementor-id=\"3676\" class=\"elementor elementor-3676\" data-elementor-post-type=\"page\">\n\t\t\t\t<div class=\"elementor-element elementor-element-15f59e3 e-flex e-con-boxed e-con e-parent\" data-id=\"15f59e3\" data-element_type=\"container\" data-e-type=\"container\">\n\t\t\t\t\t<div class=\"e-con-inner\">\n\t\t\t\t<div class=\"elementor-element elementor-element-926b50f elementor-widget elementor-widget-heading\" data-id=\"926b50f\" data-element_type=\"widget\" data-e-type=\"widget\" data-widget_type=\"heading.default\">\n\t\t\t\t<div class=\"elementor-widget-container\">\n\t\t\t\t\t<h2 class=\"elementor-heading-title elementor-size-default\">Cookie-Richtlinie<\/h2>\t\t\t\t<\/div>\n\t\t\t\t<\/div>\n\t\t\t\t<div class=\"elementor-element elementor-element-8c7ef81 elementor-widget elementor-widget-text-editor\" data-id=\"8c7ef81\" data-element_type=\"widget\" data-e-type=\"widget\" data-widget_type=\"text-editor.default\">\n\t\t\t\t<div class=\"elementor-widget-container\">\n\t\t\t\t\t\t\t\t\t<p><strong>BEVOR WIR ANFANGEN...&nbsp;<\/strong><\/p>\n<p>In dieser Cookie-Richtlinie finden Sie Informationen \u00fcber die Verwendung von Cookies und \u00e4hnlichen Ger\u00e4ten, die auf den Endger\u00e4ten unserer Kunden und Nutzer installiert werden. Gelegentlich kann die Verwendung von Cookies mit der Verarbeitung personenbezogener Daten zusammenh\u00e4ngen. Daher empfehlen wir Ihnen, unsere Datenschutzrichtlinie zu lesen, die auf unserer Plattform zug\u00e4nglich ist, wenn Sie Informationen dar\u00fcber w\u00fcnschen, wie wir die personenbezogenen Daten unserer Kunden und Nutzer verwenden, wie Sie Ihre Rechte aus\u00fcben k\u00f6nnen oder welche Terminologie wir zur Bezeichnung unserer Website verwenden.<\/p>\n<p><strong><strong>INFORMATIONEN \u00dcBER COOKIES<\/strong>&nbsp;<\/strong><\/p>\n<p><strong>1.&nbsp;<\/strong><strong>Was ist ein Cookie?<\/strong><strong>&nbsp;<\/strong><\/p>\n<p>Ein Cookie ist eine kleine Textdatei, die eine Website, App oder eine andere Plattform auf Ihrem Computer, Tablet, Smartphone oder einem anderen \u00e4hnlichen Ger\u00e4t speichert und Informationen \u00fcber Ihr Surfen oder Ihre Nutzung enth\u00e4lt, wie ein Tag, das Ihr Ger\u00e4t identifiziert. Cookies sind beispielsweise notwendig, um die Navigation zu erleichtern und zu verstehen, wie Nutzer mit den Plattformen interagieren, damit diese verbessert werden k\u00f6nnen. Sie sind auch sehr n\u00fctzlich, um Werbung basierend auf den Pr\u00e4ferenzen des Nutzers anzubieten sowie f\u00fcr weitere Zwecke, die im Folgenden beschrieben werden. Cookies schaden Ihrem Computer oder Ger\u00e4t nicht.<\/p>\n<p>Wenn wir von \u201eCookies\" sprechen, meinen wir auch andere \u00e4hnliche Technologien zur Installation und\/oder Erfassung von Informationen auf oder \u00fcber Ihr Ger\u00e4t (wie Flash-Cookies, Web-Beacons oder Bugs, Pixel, HTML5 (lokaler Speicher) und SDK-Technologien f\u00fcr App-Formate). Ebenso gilt der Begriff \u201eCookies\" auch f\u00fcr die Verwendung von Fingerprinting-Techniken, d. h. jene Techniken zur Kombination von Informationen, die uns dabei helfen, Ihr Ger\u00e4t zu identifizieren. Gelegentlich arbeiten diese Technologien zusammen mit Cookies, um Informationen zu sammeln und zu speichern, entweder um Ihnen bestimmte Funktionen oder Dienste auf unserer Plattform bereitzustellen, oder um Ihnen Werbung auf Plattformen Dritter anzuzeigen, wobei Ihr Surfverhalten ber\u00fccksichtigt wird.<\/p>\n<p>Diese Erkl\u00e4rung ist eine allgemeine \u00dcbersicht dar\u00fcber, was unter Cookies zu verstehen ist, und dient rein informativen Zwecken. Die Cookies, die wir im Einzelnen verwenden, werden im Cookie-Einstellungsbereich unserer Plattform beschrieben.<\/p>\n<p><strong>2.&nbsp;<\/strong><strong>Welche Arten von Cookies gibt es?<\/strong><strong>&nbsp;<\/strong><\/p>\n<p>Bitte lesen Sie diesen Abschnitt, der einen allgemeinen \u00dcberblick \u00fcber die Arten von Cookies bietet, die in einer Online-Umgebung verwendet werden k\u00f6nnen.<\/p>\n<p><span style=\"letter-spacing: 0.2px;\">Je nach Eigent\u00fcmer der Cookies k\u00f6nnen sie wie folgt klassifiziert werden:&nbsp;<\/span><\/p>\n<p>\u2022 Eigene Cookies: Dies sind Cookies, die vom Computer oder der Domain des Herausgebers selbst an den Computer oder das Ger\u00e4t des Nutzers gesendet werden und von der aus die vom Nutzer angeforderte Plattform oder der Dienst angeboten wird.<\/p>\n<p>\u2022 Drittanbieter-Cookies: Dies sind Cookies, die vom Computer oder der Domain eines Drittanbieters an den Computer oder das Ger\u00e4t des Nutzers gesendet werden, der die \u00fcber die Cookies gewonnenen Daten verarbeitet.<\/p>\n<p>Je nach Zweck des Cookies k\u00f6nnen sie wie folgt klassifiziert werden:<\/p>\n<p>\u2022 Unbedingt erforderliche (technische) Cookies: Dies sind Cookies, die dem Nutzer das Surfen auf einer Website, Plattform oder Anwendung und die Nutzung der verschiedenen dort vorhandenen Optionen oder Dienste erm\u00f6glichen, wie z. B. die Kontrolle des Datenverkehrs, die Identifizierung von Daten oder der Sitzung, den Zugang zu Bereichen oder Inhalten mit eingeschr\u00e4nktem Zugang, das Speichern der Elemente einer Bestellung, die Durchf\u00fchrung des Kaufprozesses einer Bestellung, die Verwaltung der Zahlung, die Kontrolle von Betrug im Zusammenhang mit der Sicherheit des Dienstes, die Nutzung von Sicherheitselementen beim Surfen, die Einreichung eines Antrags auf Registrierung oder Teilnahme an einer Veranstaltung, die Speicherung von Inhalten f\u00fcr die \u00dcbertragung von Videos oder Ton, die Aktivierung dynamischer Inhalte (z. B. Ladeanimation eines Textes oder Bildes) oder das Teilen von Inhalten \u00fcber soziale Netzwerke. Technische Cookies, da sie unbedingt erforderlich sind, werden standardm\u00e4\u00dfig heruntergeladen, wenn sie es erm\u00f6glichen, die Plattform anzuzeigen oder den vom Nutzer angeforderten Dienst bereitzustellen.<\/p>\n<p>\u2022 Funktions- oder Personalisierungs-Cookies: Diese Cookies erm\u00f6glichen es, Informationen zu speichern, damit der Nutzer auf den Dienst oder die Plattform mit bestimmten Eigenschaften zugreift, die seine Erfahrung von der anderer Nutzer unterscheiden k\u00f6nnen, wie z. B. die Sprache, die Anzahl der anzuzeigenden Ergebnisse bei einer Suchanfrage, das Erscheinungsbild oder der Inhalt des Dienstes je nach verwendetem Browsertyp oder der Region, von der aus der Nutzer auf den Dienst zugreift, usw. Die Nichtannahme dieser Cookies kann zu einer langsamen Website-Performance oder schlecht angepassten Empfehlungen f\u00fchren.<\/p>\n<p>\u2022 Analyse-Cookies: Dies sind Cookies, die es erm\u00f6glichen, die Anzahl der Nutzer, die auf der Plattform besuchten Bereiche und deren Interaktion damit zu quantifizieren, um die Nutzung durch die Nutzer zu messen und statistisch zu analysieren, mit dem Ziel, Verbesserungen auf der Grundlage der Analyse der Nutzungsdaten der Plattform oder des Dienstes durch die Nutzer einzuf\u00fchren.<\/p>\n<p>\u2022 Verhaltensbasierte Werbe-Cookies: Dies sind Cookies, die Informationen \u00fcber das Verhalten der Nutzer speichern, die durch die kontinuierliche Beobachtung ihrer Surfgewohnheiten gewonnen werden, was die Entwicklung eines spezifischen Profils erm\u00f6glicht, um Werbung entsprechend anzuzeigen. Diese Cookies erm\u00f6glichen die m\u00f6glichst effektive Verwaltung der Werbefl\u00e4chen, die der Herausgeber gegebenenfalls direkt oder in Zusammenarbeit mit Dritten eingebunden hat.<\/p>\n<p><strong>3.&nbsp;<\/strong><b>Wof\u00fcr werden Cookies auf unserer Plattform verwendet?<\/b><\/p>\n<p>Cookies sind ein wesentlicher Bestandteil der Funktionsweise unserer Website. Der Hauptzweck unserer Cookies besteht darin, Ihr Surferlebnis angenehmer und effizienter zu gestalten. Sie werden beispielsweise verwendet, um Ihre Pr\u00e4ferenzen (Sprache, Land usw.) w\u00e4hrend des Surfens und bei zuk\u00fcnftigen Besuchen zu speichern. Wir verwenden unsere Cookies auch, um unsere Dienste und unsere Plattform kontinuierlich zu verbessern sowie um personalisierte Werbung basierend auf Ihren Surfgewohnheiten anbieten zu k\u00f6nnen.<span style=\"letter-spacing: 0.2px;\">&nbsp;<\/span><\/p>\n<p>Die in Cookies gesammelten Informationen erm\u00f6glichen es uns au\u00dferdem, unsere Plattform durch Sch\u00e4tzungen statistischer Daten und Nutzungsmuster (Anzahl der Besuche, meistbesuchte Bereiche, Besuchsdauer usw.) zu verbessern, statistisch zu verstehen, wie Nutzer mit der Plattform interagieren, um unsere Dienste zu verbessern, sowie die Plattform an Ihre individuellen Interessen anzupassen, Suchen zu beschleunigen usw.<\/p>\n<p>Gelegentlich k\u00f6nnen wir Cookies verwenden, um Informationen zu erhalten, die es uns erm\u00f6glichen, von unserer Plattform, von Drittanbieter-Plattformen oder auf sonstigem Wege Werbung basierend auf der Analyse Ihrer Surfgewohnheiten anzuzeigen (besuchte Produkte, aufgerufene Bereiche usw.).<\/p>\n<p>In jedem Fall speichern wir in den von uns verwendeten Cookies niemals sensible Informationen wie Passw\u00f6rter, Kredit- oder Debitkartendaten usw.<\/p>\n<p><strong style=\"letter-spacing: 0.2px;\">4.&nbsp;<\/strong><b>Wie kann ich die Verwendung von Cookies auf dieser Plattform verwalten?<\/b><\/p>\n<p>Im Cookie-Einstellungsbereich, der jederzeit auf unserer Plattform zug\u00e4nglich ist, k\u00f6nnen Sie alle Informationen \u00fcber die von dieser Plattform verwendeten Cookies sowie Informationen \u00fcber den Zweck, die Dauer und die Verwaltung (durch uns oder durch Dritte) jedes einzelnen Cookies abrufen, damit Sie die Aktivierung und Deaktivierung der Verwendung jener Cookies verwalten k\u00f6nnen, die f\u00fcr das Funktionieren der Plattform nicht unbedingt erforderlich sind.<\/p>\n<p>Alternativ k\u00f6nnen Sie, wenn Sie im Internet surfen, die Verwendung von Cookies in Ihrem Browser deaktivieren. Nachfolgend zeigen wir Ihnen, wie Sie dies in den g\u00e4ngigsten Browsern tun k\u00f6nnen:<\/p>\n<p><span style=\"letter-spacing: 0.2px;\">&#8211; Internet Explorer<\/span><\/p>\n<p>&#8211; Mozilla Firefox<\/p>\n<p>&#8211; Safari<\/p>\n<p>Diese M\u00f6glichkeit, die Verwendung von Cookies zu vermeiden, kann jederzeit genutzt werden. Bitte beachten Sie, dass sowohl Ihre Verwaltung des Cookie-Einstellungsbereichs als auch Ihre Option zur Ablehnung von Cookies spezifisch f\u00fcr jeden von Ihnen verwendeten Browser ist. Wenn Sie sich daher daf\u00fcr entscheiden, Cookies auf einem Ger\u00e4t auf eine bestimmte Weise zu konfigurieren, und m\u00f6chten, dass Ihre Auswahl auf \u00e4hnliche Weise auf einem anderen Ger\u00e4t angewendet wird, m\u00fcssen Sie dieselbe Option f\u00fcr dieses andere Ger\u00e4t aktivieren.<\/p>\n<p>Als zus\u00e4tzlichen Schritt m\u00f6chten wir Sie in Bezug auf Drittanbieter-Cookies zum Zweck der Bereitstellung interessenbasierter Werbung darauf hinweisen, dass bestimmte Drittanbieter Mitglieder eines der folgenden Selbstregulierungsprogramme f\u00fcr Online-Verhaltensbasierte Werbung sein k\u00f6nnen, mit den entsprechenden Opt-out-Optionen:<\/p>\n<p>Network Advertising Initiative (NAI) &ndash; http:\/\/www.networkadvertising.org\/choices\/&lt;br&gt;- Google Analytics &ndash; https:\/\/tools.google.com\/dlpage\/gaoptout<\/p>\n<p><strong style=\"letter-spacing: 0.2px;\">5.&nbsp;<\/strong><b>Wer verwendet die in Cookies gespeicherten Informationen?<\/b><\/p>\n<p>Die in den Cookies unserer Website gespeicherten Informationen werden ausschlie\u00dflich von uns verwendet, mit Ausnahme der in Abschnitt 2 als \u201eDrittanbieter-Cookies\" identifizierten, die von externen Unternehmen verwendet und verwaltet werden, um uns Dienste zur Verbesserung unserer Dienste und der Nutzererfahrung beim Surfen auf unserer Plattform bereitzustellen. Weitere Informationen finden Sie im Cookie-Einstellungsbereich, der jederzeit auf unserer Plattform zug\u00e4nglich ist.<\/p>\n<p>F\u00fcr detailliertere Informationen zur Verarbeitung Ihrer personenbezogenen Daten in unserer Zusammenarbeit mit Dritten und jenen, die internationalen Daten\u00fcbertragungen unterliegen, empfehlen wir Ihnen, unsere Datenschutzrichtlinie auf unserer Plattform zu lesen sowie die Datenschutzrichtlinien\/Datenschutzeinstellungen dieser Drittpartner, die \u00fcber deren Plattformen zug\u00e4nglich sind.<\/p>\t\t\t\t\t\t\t\t<\/div>\n\t\t\t\t<\/div>\n\t\t\t\t\t<\/div>\n\t\t\t\t<\/div>\n\t\t\t\t<\/div>","protected":false},"excerpt":{"rendered":"<p>Pol\u00edtica de cookies ANTES DE EMPEZAR\u2026&nbsp; En esta Pol\u00edtica de Cookies encontrar\u00e1s informaci\u00f3n sobre el uso que realizamos de las cookies y dispositivos similares que se instalan en los terminales de nuestros clientes y usuarios. En ocasiones, el uso de cookies puede estar relacionado con el tratamiento de datos personales, por lo que te recomendamos [&hellip;]<\/p>\n","protected":false},"author":2,"featured_media":0,"parent":0,"menu_order":0,"comment_status":"closed","ping_status":"closed","template":"","meta":{"footnotes":""},"class_list":["post-3676","page","type-page","status-publish","hentry"],"_links":{"self":[{"href":"https:\/\/testing.menaki.es\/de\/wp-json\/wp\/v2\/pages\/3676","targetHints":{"allow":["GET"]}}],"collection":[{"href":"https:\/\/testing.menaki.es\/de\/wp-json\/wp\/v2\/pages"}],"about":[{"href":"https:\/\/testing.menaki.es\/de\/wp-json\/wp\/v2\/types\/page"}],"author":[{"embeddable":true,"href":"https:\/\/testing.menaki.es\/de\/wp-json\/wp\/v2\/users\/2"}],"replies":[{"embeddable":true,"href":"https:\/\/testing.menaki.es\/de\/wp-json\/wp\/v2\/comments?post=3676"}],"version-history":[{"count":46,"href":"https:\/\/testing.menaki.es\/de\/wp-json\/wp\/v2\/pages\/3676\/revisions"}],"predecessor-version":[{"id":8103,"href":"https:\/\/testing.menaki.es\/de\/wp-json\/wp\/v2\/pages\/3676\/revisions\/8103"}],"wp:attachment":[{"href":"https:\/\/testing.menaki.es\/de\/wp-json\/wp\/v2\/media?parent=3676"}],"curies":[{"name":"wp","href":"https:\/\/api.w.org\/{rel}","templated":true}]}}